{"id":2052,"date":"2022-03-10T17:46:12","date_gmt":"2022-03-10T14:46:12","guid":{"rendered":"https:\/\/adidac.ro\/?post_type=product&#038;p=2052"},"modified":"2022-03-10T17:47:16","modified_gmt":"2022-03-10T14:47:16","slug":"chibrituri-rezistente-la-apa-niko-trans","status":"publish","type":"product","link":"https:\/\/adidac.ro\/en\/product\/chibrituri-rezistente-la-apa-niko-trans\/","title":{"rendered":"Waterproof matches - Niko \/ TRANS"},"content":{"rendered":"<p>The phosphorus of the match is covered with a layer of resin. If it has been watered, it is enough to gently wipe it off with water to ignite, making them ideal for survival kits. Matches cannot be accidentally ignited and need to be struck by the ignition surface.<\/p>","protected":false},"excerpt":{"rendered":"<p>The phosphorus of the match is covered with a layer of resin. If it has been watered, it is enough to gently wipe it off with water to ignite, making them ideal for survival kits. <\/p>","protected":false},"featured_media":2053,"comment_status":"open","ping_status":"closed","template":"","meta":{"_acf_changed":false},"product_cat":[73],"product_tag":[],"class_list":{"0":"post-2052","1":"product","2":"type-product","3":"status-publish","4":"has-post-thumbnail","6":"product_cat-diverse","8":"first","9":"instock","10":"shipping-taxable","11":"product-type-simple"},"acf":[],"yoast_head":"<!-- This site is optimized with the Yoast SEO plugin v22.8 - https:\/\/yoast.com\/wordpress\/plugins\/seo\/ -->\n<title>Chibrituri rezistente la ap\u0103 - Niko\/TRANS | ADIDAC<\/title>\n<meta name=\"robots\" content=\"index, follow, max-snippet:-1, max-image-preview:large, max-video-preview:-1\" \/>\n<link rel=\"canonical\" href=\"https:\/\/adidac.ro\/en\/product\/chibrituri-rezistente-la-apa-niko-trans\/\" \/>\n<meta property=\"og:locale\" content=\"en_US\" \/>\n<meta property=\"og:type\" content=\"article\" \/>\n<meta property=\"og:title\" content=\"Chibrituri rezistente la ap\u0103 - Niko\/TRANS | ADIDAC\" \/>\n<meta property=\"og:description\" content=\"Fosforul chibritului este acoperit cu un strat de r\u0103\u0219in\u0103. \u00cen cazul \u00een care a fost udate, este suficient s\u0103 fie \u0219terse u\u0219or de ap\u0103 pentru a se aprinde, ceea ce le face ideale pentru trusele de supravie\u021buire.\" \/>\n<meta property=\"og:url\" content=\"https:\/\/adidac.ro\/en\/product\/chibrituri-rezistente-la-apa-niko-trans\/\" \/>\n<meta property=\"og:site_name\" content=\"ADIDAC\" \/>\n<meta property=\"article:modified_time\" content=\"2022-03-10T14:47:16+00:00\" \/>\n<meta property=\"og:image\" content=\"https:\/\/adidac.ro\/wp-content\/uploads\/2022\/03\/05.webp\" \/>\n\t<meta property=\"og:image:width\" content=\"1000\" \/>\n\t<meta property=\"og:image:height\" content=\"1000\" \/>\n\t<meta property=\"og:image:type\" content=\"image\/webp\" \/>\n<meta name=\"twitter:card\" content=\"summary_large_image\" \/>\n<script type=\"application\/ld+json\" class=\"yoast-schema-graph\">{\"@context\":\"https:\/\/schema.org\",\"@graph\":[{\"@type\":\"WebPage\",\"@id\":\"https:\/\/adidac.ro\/produs\/chibrituri-rezistente-la-apa-niko-trans\/\",\"url\":\"https:\/\/adidac.ro\/produs\/chibrituri-rezistente-la-apa-niko-trans\/\",\"name\":\"Chibrituri rezistente la ap\u0103 - Niko\/TRANS | ADIDAC\",\"isPartOf\":{\"@id\":\"https:\/\/adidac.ro\/#website\"},\"primaryImageOfPage\":{\"@id\":\"https:\/\/adidac.ro\/produs\/chibrituri-rezistente-la-apa-niko-trans\/#primaryimage\"},\"image\":{\"@id\":\"https:\/\/adidac.ro\/produs\/chibrituri-rezistente-la-apa-niko-trans\/#primaryimage\"},\"thumbnailUrl\":\"https:\/\/adidac.ro\/wp-content\/uploads\/2022\/03\/05.webp\",\"datePublished\":\"2022-03-10T14:46:12+00:00\",\"dateModified\":\"2022-03-10T14:47:16+00:00\",\"breadcrumb\":{\"@id\":\"https:\/\/adidac.ro\/produs\/chibrituri-rezistente-la-apa-niko-trans\/#breadcrumb\"},\"inLanguage\":\"en-US\",\"potentialAction\":[{\"@type\":\"ReadAction\",\"target\":[\"https:\/\/adidac.ro\/produs\/chibrituri-rezistente-la-apa-niko-trans\/\"]}]},{\"@type\":\"ImageObject\",\"inLanguage\":\"en-US\",\"@id\":\"https:\/\/adidac.ro\/produs\/chibrituri-rezistente-la-apa-niko-trans\/#primaryimage\",\"url\":\"https:\/\/adidac.ro\/wp-content\/uploads\/2022\/03\/05.webp\",\"contentUrl\":\"https:\/\/adidac.ro\/wp-content\/uploads\/2022\/03\/05.webp\",\"width\":1000,\"height\":1000,\"caption\":\"Chibrituri rezistente la ap\u0103 - Niko\/TRANS\"},{\"@type\":\"BreadcrumbList\",\"@id\":\"https:\/\/adidac.ro\/produs\/chibrituri-rezistente-la-apa-niko-trans\/#breadcrumb\",\"itemListElement\":[{\"@type\":\"ListItem\",\"position\":1,\"name\":\"Home\",\"item\":\"https:\/\/adidac.ro\/\"},{\"@type\":\"ListItem\",\"position\":2,\"name\":\"Shop\",\"item\":\"https:\/\/adidac.ro\/shop\/\"},{\"@type\":\"ListItem\",\"position\":3,\"name\":\"Chibrituri rezistente la ap\u0103 &#8211; Niko\/TRANS\"}]},{\"@type\":\"WebSite\",\"@id\":\"https:\/\/adidac.ro\/#website\",\"url\":\"https:\/\/adidac.ro\/\",\"name\":\"ADIDAC\",\"description\":\"M\u0103turi din sorg cu tradi\u021bie\",\"publisher\":{\"@id\":\"https:\/\/adidac.ro\/#organization\"},\"potentialAction\":[{\"@type\":\"SearchAction\",\"target\":{\"@type\":\"EntryPoint\",\"urlTemplate\":\"https:\/\/adidac.ro\/?s={search_term_string}\"},\"query-input\":\"required name=search_term_string\"}],\"inLanguage\":\"en-US\"},{\"@type\":\"Organization\",\"@id\":\"https:\/\/adidac.ro\/#organization\",\"name\":\"ADIDAC\",\"url\":\"https:\/\/adidac.ro\/\",\"logo\":{\"@type\":\"ImageObject\",\"inLanguage\":\"en-US\",\"@id\":\"https:\/\/adidac.ro\/#\/schema\/logo\/image\/\",\"url\":\"https:\/\/adidac.ro\/wp-content\/uploads\/2021\/12\/logo-adidac-web.svg\",\"contentUrl\":\"https:\/\/adidac.ro\/wp-content\/uploads\/2021\/12\/logo-adidac-web.svg\",\"width\":400,\"height\":105,\"caption\":\"ADIDAC\"},\"image\":{\"@id\":\"https:\/\/adidac.ro\/#\/schema\/logo\/image\/\"}}]}<\/script>\n<!-- \/ Yoast SEO plugin. -->","yoast_head_json":{"title":"Chibrituri rezistente la ap\u0103 - Niko\/TRANS | ADIDAC","robots":{"index":"index","follow":"follow","max-snippet":"max-snippet:-1","max-image-preview":"max-image-preview:large","max-video-preview":"max-video-preview:-1"},"canonical":"https:\/\/adidac.ro\/en\/product\/chibrituri-rezistente-la-apa-niko-trans\/","og_locale":"en_US","og_type":"article","og_title":"Chibrituri rezistente la ap\u0103 - Niko\/TRANS | ADIDAC","og_description":"Fosforul chibritului este acoperit cu un strat de r\u0103\u0219in\u0103. \u00cen cazul \u00een care a fost udate, este suficient s\u0103 fie \u0219terse u\u0219or de ap\u0103 pentru a se aprinde, ceea ce le face ideale pentru trusele de supravie\u021buire.","og_url":"https:\/\/adidac.ro\/en\/product\/chibrituri-rezistente-la-apa-niko-trans\/","og_site_name":"ADIDAC","article_modified_time":"2022-03-10T14:47:16+00:00","og_image":[{"width":1000,"height":1000,"url":"https:\/\/adidac.ro\/wp-content\/uploads\/2022\/03\/05.webp","type":"image\/webp"}],"twitter_card":"summary_large_image","schema":{"@context":"https:\/\/schema.org","@graph":[{"@type":"WebPage","@id":"https:\/\/adidac.ro\/produs\/chibrituri-rezistente-la-apa-niko-trans\/","url":"https:\/\/adidac.ro\/produs\/chibrituri-rezistente-la-apa-niko-trans\/","name":"Chibrituri rezistente la ap\u0103 - Niko\/TRANS | ADIDAC","isPartOf":{"@id":"https:\/\/adidac.ro\/#website"},"primaryImageOfPage":{"@id":"https:\/\/adidac.ro\/produs\/chibrituri-rezistente-la-apa-niko-trans\/#primaryimage"},"image":{"@id":"https:\/\/adidac.ro\/produs\/chibrituri-rezistente-la-apa-niko-trans\/#primaryimage"},"thumbnailUrl":"https:\/\/adidac.ro\/wp-content\/uploads\/2022\/03\/05.webp","datePublished":"2022-03-10T14:46:12+00:00","dateModified":"2022-03-10T14:47:16+00:00","breadcrumb":{"@id":"https:\/\/adidac.ro\/produs\/chibrituri-rezistente-la-apa-niko-trans\/#breadcrumb"},"inLanguage":"en-US","potentialAction":[{"@type":"ReadAction","target":["https:\/\/adidac.ro\/produs\/chibrituri-rezistente-la-apa-niko-trans\/"]}]},{"@type":"ImageObject","inLanguage":"en-US","@id":"https:\/\/adidac.ro\/produs\/chibrituri-rezistente-la-apa-niko-trans\/#primaryimage","url":"https:\/\/adidac.ro\/wp-content\/uploads\/2022\/03\/05.webp","contentUrl":"https:\/\/adidac.ro\/wp-content\/uploads\/2022\/03\/05.webp","width":1000,"height":1000,"caption":"Chibrituri rezistente la ap\u0103 - Niko\/TRANS"},{"@type":"BreadcrumbList","@id":"https:\/\/adidac.ro\/produs\/chibrituri-rezistente-la-apa-niko-trans\/#breadcrumb","itemListElement":[{"@type":"ListItem","position":1,"name":"Home","item":"https:\/\/adidac.ro\/"},{"@type":"ListItem","position":2,"name":"Shop","item":"https:\/\/adidac.ro\/shop\/"},{"@type":"ListItem","position":3,"name":"Chibrituri rezistente la ap\u0103 &#8211; Niko\/TRANS"}]},{"@type":"WebSite","@id":"https:\/\/adidac.ro\/#website","url":"https:\/\/adidac.ro\/","name":"ADIDAC","description":"M\u0103turi din sorg cu tradi\u021bie","publisher":{"@id":"https:\/\/adidac.ro\/#organization"},"potentialAction":[{"@type":"SearchAction","target":{"@type":"EntryPoint","urlTemplate":"https:\/\/adidac.ro\/?s={search_term_string}"},"query-input":"required name=search_term_string"}],"inLanguage":"en-US"},{"@type":"Organization","@id":"https:\/\/adidac.ro\/#organization","name":"ADIDAC","url":"https:\/\/adidac.ro\/","logo":{"@type":"ImageObject","inLanguage":"en-US","@id":"https:\/\/adidac.ro\/#\/schema\/logo\/image\/","url":"https:\/\/adidac.ro\/wp-content\/uploads\/2021\/12\/logo-adidac-web.svg","contentUrl":"https:\/\/adidac.ro\/wp-content\/uploads\/2021\/12\/logo-adidac-web.svg","width":400,"height":105,"caption":"ADIDAC"},"image":{"@id":"https:\/\/adidac.ro\/#\/schema\/logo\/image\/"}}]}},"jetpack_sharing_enabled":true,"_links":{"self":[{"href":"https:\/\/adidac.ro\/en\/wp-json\/wp\/v2\/product\/2052","targetHints":{"allow":["GET"]}}],"collection":[{"href":"https:\/\/adidac.ro\/en\/wp-json\/wp\/v2\/product"}],"about":[{"href":"https:\/\/adidac.ro\/en\/wp-json\/wp\/v2\/types\/product"}],"replies":[{"embeddable":true,"href":"https:\/\/adidac.ro\/en\/wp-json\/wp\/v2\/comments?post=2052"}],"wp:featuredmedia":[{"embeddable":true,"href":"https:\/\/adidac.ro\/en\/wp-json\/wp\/v2\/media\/2053"}],"wp:attachment":[{"href":"https:\/\/adidac.ro\/en\/wp-json\/wp\/v2\/media?parent=2052"}],"wp:term":[{"taxonomy":"product_cat","embeddable":true,"href":"https:\/\/adidac.ro\/en\/wp-json\/wp\/v2\/product_cat?post=2052"},{"taxonomy":"product_tag","embeddable":true,"href":"https:\/\/adidac.ro\/en\/wp-json\/wp\/v2\/product_tag?post=2052"}],"curies":[{"name":"wp","href":"https:\/\/api.w.org\/{rel}","templated":true}]}}