{"id":1937,"date":"2022-02-10T16:32:46","date_gmt":"2022-02-10T13:32:46","guid":{"rendered":"https:\/\/adidac.ro\/?post_type=product&#038;p=1937"},"modified":"2022-02-10T16:35:07","modified_gmt":"2022-02-10T13:35:07","slug":"pastile-flacarici-pentru-aprins-focul-48buc","status":"publish","type":"product","link":"https:\/\/adidac.ro\/en\/product\/pastile-flacarici-pentru-aprins-focul-48buc\/","title":{"rendered":"Flame Retardant Pills - 48PCS"},"content":{"rendered":"<p class=\" translation-block\">Flames is a product that helps you light a fire more easily, without the risk of injury. It is ideal for lighting fires in stoves, boilers, fireplaces and campfires. The product ensures a fast and efficient ignition of wood or coal. <br>\nHOW TO USE: Place a cube in the place prepared for burning, on a thin layer of wood or charcoal and light it. Then cover with the rest of the wood or charcoal and make sure that the fire does not suffocate. For safety reasons, the pill does not ignite instantly on contact with the open flame. Ignition time approx. 10-15 seconds.<\/p>","protected":false},"excerpt":{"rendered":"<p>Flames is a product that helps you light a fire more easily, without the risk of injury.<\/p>","protected":false},"featured_media":1938,"comment_status":"open","ping_status":"closed","template":"","meta":{"_acf_changed":false},"product_cat":[73],"product_tag":[],"class_list":{"0":"post-1937","1":"product","2":"type-product","3":"status-publish","4":"has-post-thumbnail","6":"product_cat-diverse","8":"first","9":"instock","10":"shipping-taxable","11":"product-type-simple"},"acf":[],"yoast_head":"<!-- This site is optimized with the Yoast SEO plugin v22.8 - https:\/\/yoast.com\/wordpress\/plugins\/seo\/ -->\n<title>Pastile Fl\u0103c\u0103rici pentru aprins focul - 48BUC | ADIDAC<\/title>\n<meta name=\"robots\" content=\"index, follow, max-snippet:-1, max-image-preview:large, max-video-preview:-1\" \/>\n<link rel=\"canonical\" href=\"https:\/\/adidac.ro\/en\/product\/pastile-flacarici-pentru-aprins-focul-48buc\/\" \/>\n<meta property=\"og:locale\" content=\"en_US\" \/>\n<meta property=\"og:type\" content=\"article\" \/>\n<meta property=\"og:title\" content=\"Pastile Fl\u0103c\u0103rici pentru aprins focul - 48BUC | ADIDAC\" \/>\n<meta property=\"og:description\" content=\"Fl\u0103c\u0103rici este un produs care v\u0103 ajut\u0103 s\u0103 aprinde\u021bi focul mai u\u0219or, far\u0103 riscuri de accidentare.\" \/>\n<meta property=\"og:url\" content=\"https:\/\/adidac.ro\/en\/product\/pastile-flacarici-pentru-aprins-focul-48buc\/\" \/>\n<meta property=\"og:site_name\" content=\"ADIDAC\" \/>\n<meta property=\"article:modified_time\" content=\"2022-02-10T13:35:07+00:00\" \/>\n<meta property=\"og:image\" content=\"https:\/\/adidac.ro\/wp-content\/uploads\/2022\/02\/01-1.webp\" \/>\n\t<meta property=\"og:image:width\" content=\"1200\" \/>\n\t<meta property=\"og:image:height\" content=\"1200\" \/>\n\t<meta property=\"og:image:type\" content=\"image\/webp\" \/>\n<meta name=\"twitter:card\" content=\"summary_large_image\" \/>\n<meta name=\"twitter:label1\" content=\"Est. reading time\" \/>\n\t<meta name=\"twitter:data1\" content=\"1 minute\" \/>\n<script type=\"application\/ld+json\" class=\"yoast-schema-graph\">{\"@context\":\"https:\/\/schema.org\",\"@graph\":[{\"@type\":\"WebPage\",\"@id\":\"https:\/\/adidac.ro\/produs\/pastile-flacarici-pentru-aprins-focul-48buc\/\",\"url\":\"https:\/\/adidac.ro\/produs\/pastile-flacarici-pentru-aprins-focul-48buc\/\",\"name\":\"Pastile Fl\u0103c\u0103rici pentru aprins focul - 48BUC | ADIDAC\",\"isPartOf\":{\"@id\":\"https:\/\/adidac.ro\/#website\"},\"primaryImageOfPage\":{\"@id\":\"https:\/\/adidac.ro\/produs\/pastile-flacarici-pentru-aprins-focul-48buc\/#primaryimage\"},\"image\":{\"@id\":\"https:\/\/adidac.ro\/produs\/pastile-flacarici-pentru-aprins-focul-48buc\/#primaryimage\"},\"thumbnailUrl\":\"https:\/\/adidac.ro\/wp-content\/uploads\/2022\/02\/01-1.webp\",\"datePublished\":\"2022-02-10T13:32:46+00:00\",\"dateModified\":\"2022-02-10T13:35:07+00:00\",\"breadcrumb\":{\"@id\":\"https:\/\/adidac.ro\/produs\/pastile-flacarici-pentru-aprins-focul-48buc\/#breadcrumb\"},\"inLanguage\":\"en-US\",\"potentialAction\":[{\"@type\":\"ReadAction\",\"target\":[\"https:\/\/adidac.ro\/produs\/pastile-flacarici-pentru-aprins-focul-48buc\/\"]}]},{\"@type\":\"ImageObject\",\"inLanguage\":\"en-US\",\"@id\":\"https:\/\/adidac.ro\/produs\/pastile-flacarici-pentru-aprins-focul-48buc\/#primaryimage\",\"url\":\"https:\/\/adidac.ro\/wp-content\/uploads\/2022\/02\/01-1.webp\",\"contentUrl\":\"https:\/\/adidac.ro\/wp-content\/uploads\/2022\/02\/01-1.webp\",\"width\":1200,\"height\":1200,\"caption\":\"Pastile Fl\u0103c\u0103rici pentru aprins focul - 48BUC\"},{\"@type\":\"BreadcrumbList\",\"@id\":\"https:\/\/adidac.ro\/produs\/pastile-flacarici-pentru-aprins-focul-48buc\/#breadcrumb\",\"itemListElement\":[{\"@type\":\"ListItem\",\"position\":1,\"name\":\"Home\",\"item\":\"https:\/\/adidac.ro\/\"},{\"@type\":\"ListItem\",\"position\":2,\"name\":\"Shop\",\"item\":\"https:\/\/adidac.ro\/shop\/\"},{\"@type\":\"ListItem\",\"position\":3,\"name\":\"Pastile Fl\u0103c\u0103rici pentru aprins focul &#8211; 48BUC\"}]},{\"@type\":\"WebSite\",\"@id\":\"https:\/\/adidac.ro\/#website\",\"url\":\"https:\/\/adidac.ro\/\",\"name\":\"ADIDAC\",\"description\":\"M\u0103turi din sorg cu tradi\u021bie\",\"publisher\":{\"@id\":\"https:\/\/adidac.ro\/#organization\"},\"potentialAction\":[{\"@type\":\"SearchAction\",\"target\":{\"@type\":\"EntryPoint\",\"urlTemplate\":\"https:\/\/adidac.ro\/?s={search_term_string}\"},\"query-input\":\"required name=search_term_string\"}],\"inLanguage\":\"en-US\"},{\"@type\":\"Organization\",\"@id\":\"https:\/\/adidac.ro\/#organization\",\"name\":\"ADIDAC\",\"url\":\"https:\/\/adidac.ro\/\",\"logo\":{\"@type\":\"ImageObject\",\"inLanguage\":\"en-US\",\"@id\":\"https:\/\/adidac.ro\/#\/schema\/logo\/image\/\",\"url\":\"https:\/\/adidac.ro\/wp-content\/uploads\/2021\/12\/logo-adidac-web.svg\",\"contentUrl\":\"https:\/\/adidac.ro\/wp-content\/uploads\/2021\/12\/logo-adidac-web.svg\",\"width\":400,\"height\":105,\"caption\":\"ADIDAC\"},\"image\":{\"@id\":\"https:\/\/adidac.ro\/#\/schema\/logo\/image\/\"}}]}<\/script>\n<!-- \/ Yoast SEO plugin. -->","yoast_head_json":{"title":"Pastile Fl\u0103c\u0103rici pentru aprins focul - 48BUC | ADIDAC","robots":{"index":"index","follow":"follow","max-snippet":"max-snippet:-1","max-image-preview":"max-image-preview:large","max-video-preview":"max-video-preview:-1"},"canonical":"https:\/\/adidac.ro\/en\/product\/pastile-flacarici-pentru-aprins-focul-48buc\/","og_locale":"en_US","og_type":"article","og_title":"Pastile Fl\u0103c\u0103rici pentru aprins focul - 48BUC | ADIDAC","og_description":"Fl\u0103c\u0103rici este un produs care v\u0103 ajut\u0103 s\u0103 aprinde\u021bi focul mai u\u0219or, far\u0103 riscuri de accidentare.","og_url":"https:\/\/adidac.ro\/en\/product\/pastile-flacarici-pentru-aprins-focul-48buc\/","og_site_name":"ADIDAC","article_modified_time":"2022-02-10T13:35:07+00:00","og_image":[{"width":1200,"height":1200,"url":"https:\/\/adidac.ro\/wp-content\/uploads\/2022\/02\/01-1.webp","type":"image\/webp"}],"twitter_card":"summary_large_image","twitter_misc":{"Est. reading time":"1 minute"},"schema":{"@context":"https:\/\/schema.org","@graph":[{"@type":"WebPage","@id":"https:\/\/adidac.ro\/produs\/pastile-flacarici-pentru-aprins-focul-48buc\/","url":"https:\/\/adidac.ro\/produs\/pastile-flacarici-pentru-aprins-focul-48buc\/","name":"Pastile Fl\u0103c\u0103rici pentru aprins focul - 48BUC | ADIDAC","isPartOf":{"@id":"https:\/\/adidac.ro\/#website"},"primaryImageOfPage":{"@id":"https:\/\/adidac.ro\/produs\/pastile-flacarici-pentru-aprins-focul-48buc\/#primaryimage"},"image":{"@id":"https:\/\/adidac.ro\/produs\/pastile-flacarici-pentru-aprins-focul-48buc\/#primaryimage"},"thumbnailUrl":"https:\/\/adidac.ro\/wp-content\/uploads\/2022\/02\/01-1.webp","datePublished":"2022-02-10T13:32:46+00:00","dateModified":"2022-02-10T13:35:07+00:00","breadcrumb":{"@id":"https:\/\/adidac.ro\/produs\/pastile-flacarici-pentru-aprins-focul-48buc\/#breadcrumb"},"inLanguage":"en-US","potentialAction":[{"@type":"ReadAction","target":["https:\/\/adidac.ro\/produs\/pastile-flacarici-pentru-aprins-focul-48buc\/"]}]},{"@type":"ImageObject","inLanguage":"en-US","@id":"https:\/\/adidac.ro\/produs\/pastile-flacarici-pentru-aprins-focul-48buc\/#primaryimage","url":"https:\/\/adidac.ro\/wp-content\/uploads\/2022\/02\/01-1.webp","contentUrl":"https:\/\/adidac.ro\/wp-content\/uploads\/2022\/02\/01-1.webp","width":1200,"height":1200,"caption":"Pastile Fl\u0103c\u0103rici pentru aprins focul - 48BUC"},{"@type":"BreadcrumbList","@id":"https:\/\/adidac.ro\/produs\/pastile-flacarici-pentru-aprins-focul-48buc\/#breadcrumb","itemListElement":[{"@type":"ListItem","position":1,"name":"Home","item":"https:\/\/adidac.ro\/"},{"@type":"ListItem","position":2,"name":"Shop","item":"https:\/\/adidac.ro\/shop\/"},{"@type":"ListItem","position":3,"name":"Pastile Fl\u0103c\u0103rici pentru aprins focul &#8211; 48BUC"}]},{"@type":"WebSite","@id":"https:\/\/adidac.ro\/#website","url":"https:\/\/adidac.ro\/","name":"ADIDAC","description":"M\u0103turi din sorg cu tradi\u021bie","publisher":{"@id":"https:\/\/adidac.ro\/#organization"},"potentialAction":[{"@type":"SearchAction","target":{"@type":"EntryPoint","urlTemplate":"https:\/\/adidac.ro\/?s={search_term_string}"},"query-input":"required name=search_term_string"}],"inLanguage":"en-US"},{"@type":"Organization","@id":"https:\/\/adidac.ro\/#organization","name":"ADIDAC","url":"https:\/\/adidac.ro\/","logo":{"@type":"ImageObject","inLanguage":"en-US","@id":"https:\/\/adidac.ro\/#\/schema\/logo\/image\/","url":"https:\/\/adidac.ro\/wp-content\/uploads\/2021\/12\/logo-adidac-web.svg","contentUrl":"https:\/\/adidac.ro\/wp-content\/uploads\/2021\/12\/logo-adidac-web.svg","width":400,"height":105,"caption":"ADIDAC"},"image":{"@id":"https:\/\/adidac.ro\/#\/schema\/logo\/image\/"}}]}},"jetpack_sharing_enabled":true,"_links":{"self":[{"href":"https:\/\/adidac.ro\/en\/wp-json\/wp\/v2\/product\/1937","targetHints":{"allow":["GET"]}}],"collection":[{"href":"https:\/\/adidac.ro\/en\/wp-json\/wp\/v2\/product"}],"about":[{"href":"https:\/\/adidac.ro\/en\/wp-json\/wp\/v2\/types\/product"}],"replies":[{"embeddable":true,"href":"https:\/\/adidac.ro\/en\/wp-json\/wp\/v2\/comments?post=1937"}],"wp:featuredmedia":[{"embeddable":true,"href":"https:\/\/adidac.ro\/en\/wp-json\/wp\/v2\/media\/1938"}],"wp:attachment":[{"href":"https:\/\/adidac.ro\/en\/wp-json\/wp\/v2\/media?parent=1937"}],"wp:term":[{"taxonomy":"product_cat","embeddable":true,"href":"https:\/\/adidac.ro\/en\/wp-json\/wp\/v2\/product_cat?post=1937"},{"taxonomy":"product_tag","embeddable":true,"href":"https:\/\/adidac.ro\/en\/wp-json\/wp\/v2\/product_tag?post=1937"}],"curies":[{"name":"wp","href":"https:\/\/api.w.org\/{rel}","templated":true}]}}