{"id":1926,"date":"2022-02-10T16:00:34","date_gmt":"2022-02-10T13:00:34","guid":{"rendered":"https:\/\/adidac.ro\/?post_type=product&#038;p=1926"},"modified":"2022-02-10T16:04:21","modified_gmt":"2022-02-10T13:04:21","slug":"coada-matura-mop-filetabila-cu-filet-metalic","status":"publish","type":"product","link":"https:\/\/adidac.ro\/en\/product\/coada-matura-mop-filetabila-cu-filet-metalic\/","title":{"rendered":"Broom handle, threadable mop with metal thread"},"content":{"rendered":"<p>The beech wood tail is processed with the utmost care and passion, so that the finished wood is of the highest quality, so that its touch provides maximum adhesion. The wood absorbs the moisture of the palm, and thus does not create any discomfort when using it. Its thread is carved directly into the wood, so it is combined with the brush \/ mop, etc.<\/p>","protected":false},"excerpt":{"rendered":"<p>Beech wood threaded handle for brooms, brushes and mops with metal thread.<\/p>","protected":false},"featured_media":1927,"comment_status":"open","ping_status":"closed","template":"","meta":{"_acf_changed":false},"product_cat":[73,74],"product_tag":[],"class_list":{"0":"post-1926","1":"product","2":"type-product","3":"status-publish","4":"has-post-thumbnail","6":"product_cat-diverse","7":"product_cat-maturi","9":"first","10":"instock","11":"shipping-taxable","12":"product-type-simple"},"acf":[],"yoast_head":"<!-- This site is optimized with the Yoast SEO plugin v22.8 - https:\/\/yoast.com\/wordpress\/plugins\/seo\/ -->\n<title>Coad\u0103 matur\u0103, mop filetabil\u0103 cu filet metalic | ADIDAC<\/title>\n<meta name=\"robots\" content=\"index, follow, max-snippet:-1, max-image-preview:large, max-video-preview:-1\" \/>\n<link rel=\"canonical\" href=\"https:\/\/adidac.ro\/en\/product\/coada-matura-mop-filetabila-cu-filet-metalic\/\" \/>\n<meta property=\"og:locale\" content=\"en_US\" \/>\n<meta property=\"og:type\" content=\"article\" \/>\n<meta property=\"og:title\" content=\"Coad\u0103 matur\u0103, mop filetabil\u0103 cu filet metalic | ADIDAC\" \/>\n<meta property=\"og:description\" content=\"Coad\u0103 filetabila din lemn de fag pentru m\u0103turi, perii \u0219i mopuri cu filet de metal.\" \/>\n<meta property=\"og:url\" content=\"https:\/\/adidac.ro\/en\/product\/coada-matura-mop-filetabila-cu-filet-metalic\/\" \/>\n<meta property=\"og:site_name\" content=\"ADIDAC\" \/>\n<meta property=\"article:modified_time\" content=\"2022-02-10T13:04:21+00:00\" \/>\n<meta property=\"og:image\" content=\"https:\/\/adidac.ro\/wp-content\/uploads\/2022\/02\/Ndddew-Project.webp\" \/>\n\t<meta property=\"og:image:width\" content=\"1200\" \/>\n\t<meta property=\"og:image:height\" content=\"1200\" \/>\n\t<meta property=\"og:image:type\" content=\"image\/webp\" \/>\n<meta name=\"twitter:card\" content=\"summary_large_image\" \/>\n<script type=\"application\/ld+json\" class=\"yoast-schema-graph\">{\"@context\":\"https:\/\/schema.org\",\"@graph\":[{\"@type\":\"WebPage\",\"@id\":\"https:\/\/adidac.ro\/produs\/coada-matura-mop-filetabila-cu-filet-metalic\/\",\"url\":\"https:\/\/adidac.ro\/produs\/coada-matura-mop-filetabila-cu-filet-metalic\/\",\"name\":\"Coad\u0103 matur\u0103, mop filetabil\u0103 cu filet metalic | ADIDAC\",\"isPartOf\":{\"@id\":\"https:\/\/adidac.ro\/#website\"},\"primaryImageOfPage\":{\"@id\":\"https:\/\/adidac.ro\/produs\/coada-matura-mop-filetabila-cu-filet-metalic\/#primaryimage\"},\"image\":{\"@id\":\"https:\/\/adidac.ro\/produs\/coada-matura-mop-filetabila-cu-filet-metalic\/#primaryimage\"},\"thumbnailUrl\":\"https:\/\/adidac.ro\/wp-content\/uploads\/2022\/02\/Ndddew-Project.webp\",\"datePublished\":\"2022-02-10T13:00:34+00:00\",\"dateModified\":\"2022-02-10T13:04:21+00:00\",\"breadcrumb\":{\"@id\":\"https:\/\/adidac.ro\/produs\/coada-matura-mop-filetabila-cu-filet-metalic\/#breadcrumb\"},\"inLanguage\":\"en-US\",\"potentialAction\":[{\"@type\":\"ReadAction\",\"target\":[\"https:\/\/adidac.ro\/produs\/coada-matura-mop-filetabila-cu-filet-metalic\/\"]}]},{\"@type\":\"ImageObject\",\"inLanguage\":\"en-US\",\"@id\":\"https:\/\/adidac.ro\/produs\/coada-matura-mop-filetabila-cu-filet-metalic\/#primaryimage\",\"url\":\"https:\/\/adidac.ro\/wp-content\/uploads\/2022\/02\/Ndddew-Project.webp\",\"contentUrl\":\"https:\/\/adidac.ro\/wp-content\/uploads\/2022\/02\/Ndddew-Project.webp\",\"width\":1200,\"height\":1200,\"caption\":\"Coad\u0103 matur\u0103, mop filetabil\u0103 cu filet metalic\"},{\"@type\":\"BreadcrumbList\",\"@id\":\"https:\/\/adidac.ro\/produs\/coada-matura-mop-filetabila-cu-filet-metalic\/#breadcrumb\",\"itemListElement\":[{\"@type\":\"ListItem\",\"position\":1,\"name\":\"Home\",\"item\":\"https:\/\/adidac.ro\/\"},{\"@type\":\"ListItem\",\"position\":2,\"name\":\"Shop\",\"item\":\"https:\/\/adidac.ro\/shop\/\"},{\"@type\":\"ListItem\",\"position\":3,\"name\":\"Coad\u0103 matur\u0103, mop filetabil\u0103 cu filet metalic\"}]},{\"@type\":\"WebSite\",\"@id\":\"https:\/\/adidac.ro\/#website\",\"url\":\"https:\/\/adidac.ro\/\",\"name\":\"ADIDAC\",\"description\":\"M\u0103turi din sorg cu tradi\u021bie\",\"publisher\":{\"@id\":\"https:\/\/adidac.ro\/#organization\"},\"potentialAction\":[{\"@type\":\"SearchAction\",\"target\":{\"@type\":\"EntryPoint\",\"urlTemplate\":\"https:\/\/adidac.ro\/?s={search_term_string}\"},\"query-input\":\"required name=search_term_string\"}],\"inLanguage\":\"en-US\"},{\"@type\":\"Organization\",\"@id\":\"https:\/\/adidac.ro\/#organization\",\"name\":\"ADIDAC\",\"url\":\"https:\/\/adidac.ro\/\",\"logo\":{\"@type\":\"ImageObject\",\"inLanguage\":\"en-US\",\"@id\":\"https:\/\/adidac.ro\/#\/schema\/logo\/image\/\",\"url\":\"https:\/\/adidac.ro\/wp-content\/uploads\/2021\/12\/logo-adidac-web.svg\",\"contentUrl\":\"https:\/\/adidac.ro\/wp-content\/uploads\/2021\/12\/logo-adidac-web.svg\",\"width\":400,\"height\":105,\"caption\":\"ADIDAC\"},\"image\":{\"@id\":\"https:\/\/adidac.ro\/#\/schema\/logo\/image\/\"}}]}<\/script>\n<!-- \/ Yoast SEO plugin. -->","yoast_head_json":{"title":"Coad\u0103 matur\u0103, mop filetabil\u0103 cu filet metalic | ADIDAC","robots":{"index":"index","follow":"follow","max-snippet":"max-snippet:-1","max-image-preview":"max-image-preview:large","max-video-preview":"max-video-preview:-1"},"canonical":"https:\/\/adidac.ro\/en\/product\/coada-matura-mop-filetabila-cu-filet-metalic\/","og_locale":"en_US","og_type":"article","og_title":"Coad\u0103 matur\u0103, mop filetabil\u0103 cu filet metalic | ADIDAC","og_description":"Coad\u0103 filetabila din lemn de fag pentru m\u0103turi, perii \u0219i mopuri cu filet de metal.","og_url":"https:\/\/adidac.ro\/en\/product\/coada-matura-mop-filetabila-cu-filet-metalic\/","og_site_name":"ADIDAC","article_modified_time":"2022-02-10T13:04:21+00:00","og_image":[{"width":1200,"height":1200,"url":"https:\/\/adidac.ro\/wp-content\/uploads\/2022\/02\/Ndddew-Project.webp","type":"image\/webp"}],"twitter_card":"summary_large_image","schema":{"@context":"https:\/\/schema.org","@graph":[{"@type":"WebPage","@id":"https:\/\/adidac.ro\/produs\/coada-matura-mop-filetabila-cu-filet-metalic\/","url":"https:\/\/adidac.ro\/produs\/coada-matura-mop-filetabila-cu-filet-metalic\/","name":"Coad\u0103 matur\u0103, mop filetabil\u0103 cu filet metalic | ADIDAC","isPartOf":{"@id":"https:\/\/adidac.ro\/#website"},"primaryImageOfPage":{"@id":"https:\/\/adidac.ro\/produs\/coada-matura-mop-filetabila-cu-filet-metalic\/#primaryimage"},"image":{"@id":"https:\/\/adidac.ro\/produs\/coada-matura-mop-filetabila-cu-filet-metalic\/#primaryimage"},"thumbnailUrl":"https:\/\/adidac.ro\/wp-content\/uploads\/2022\/02\/Ndddew-Project.webp","datePublished":"2022-02-10T13:00:34+00:00","dateModified":"2022-02-10T13:04:21+00:00","breadcrumb":{"@id":"https:\/\/adidac.ro\/produs\/coada-matura-mop-filetabila-cu-filet-metalic\/#breadcrumb"},"inLanguage":"en-US","potentialAction":[{"@type":"ReadAction","target":["https:\/\/adidac.ro\/produs\/coada-matura-mop-filetabila-cu-filet-metalic\/"]}]},{"@type":"ImageObject","inLanguage":"en-US","@id":"https:\/\/adidac.ro\/produs\/coada-matura-mop-filetabila-cu-filet-metalic\/#primaryimage","url":"https:\/\/adidac.ro\/wp-content\/uploads\/2022\/02\/Ndddew-Project.webp","contentUrl":"https:\/\/adidac.ro\/wp-content\/uploads\/2022\/02\/Ndddew-Project.webp","width":1200,"height":1200,"caption":"Coad\u0103 matur\u0103, mop filetabil\u0103 cu filet metalic"},{"@type":"BreadcrumbList","@id":"https:\/\/adidac.ro\/produs\/coada-matura-mop-filetabila-cu-filet-metalic\/#breadcrumb","itemListElement":[{"@type":"ListItem","position":1,"name":"Home","item":"https:\/\/adidac.ro\/"},{"@type":"ListItem","position":2,"name":"Shop","item":"https:\/\/adidac.ro\/shop\/"},{"@type":"ListItem","position":3,"name":"Coad\u0103 matur\u0103, mop filetabil\u0103 cu filet metalic"}]},{"@type":"WebSite","@id":"https:\/\/adidac.ro\/#website","url":"https:\/\/adidac.ro\/","name":"ADIDAC","description":"M\u0103turi din sorg cu tradi\u021bie","publisher":{"@id":"https:\/\/adidac.ro\/#organization"},"potentialAction":[{"@type":"SearchAction","target":{"@type":"EntryPoint","urlTemplate":"https:\/\/adidac.ro\/?s={search_term_string}"},"query-input":"required name=search_term_string"}],"inLanguage":"en-US"},{"@type":"Organization","@id":"https:\/\/adidac.ro\/#organization","name":"ADIDAC","url":"https:\/\/adidac.ro\/","logo":{"@type":"ImageObject","inLanguage":"en-US","@id":"https:\/\/adidac.ro\/#\/schema\/logo\/image\/","url":"https:\/\/adidac.ro\/wp-content\/uploads\/2021\/12\/logo-adidac-web.svg","contentUrl":"https:\/\/adidac.ro\/wp-content\/uploads\/2021\/12\/logo-adidac-web.svg","width":400,"height":105,"caption":"ADIDAC"},"image":{"@id":"https:\/\/adidac.ro\/#\/schema\/logo\/image\/"}}]}},"jetpack_sharing_enabled":true,"_links":{"self":[{"href":"https:\/\/adidac.ro\/en\/wp-json\/wp\/v2\/product\/1926","targetHints":{"allow":["GET"]}}],"collection":[{"href":"https:\/\/adidac.ro\/en\/wp-json\/wp\/v2\/product"}],"about":[{"href":"https:\/\/adidac.ro\/en\/wp-json\/wp\/v2\/types\/product"}],"replies":[{"embeddable":true,"href":"https:\/\/adidac.ro\/en\/wp-json\/wp\/v2\/comments?post=1926"}],"wp:featuredmedia":[{"embeddable":true,"href":"https:\/\/adidac.ro\/en\/wp-json\/wp\/v2\/media\/1927"}],"wp:attachment":[{"href":"https:\/\/adidac.ro\/en\/wp-json\/wp\/v2\/media?parent=1926"}],"wp:term":[{"taxonomy":"product_cat","embeddable":true,"href":"https:\/\/adidac.ro\/en\/wp-json\/wp\/v2\/product_cat?post=1926"},{"taxonomy":"product_tag","embeddable":true,"href":"https:\/\/adidac.ro\/en\/wp-json\/wp\/v2\/product_tag?post=1926"}],"curies":[{"name":"wp","href":"https:\/\/api.w.org\/{rel}","templated":true}]}}