{"id":1723,"date":"2021-09-30T15:20:13","date_gmt":"2021-09-30T12:20:13","guid":{"rendered":"https:\/\/zecehotare.ro\/?post_type=product&#038;p=1723"},"modified":"2021-10-01T14:13:39","modified_gmt":"2021-10-01T11:13:39","slug":"cos-cauciuc-flexibil","status":"publish","type":"product","link":"https:\/\/adidac.ro\/en\/product\/cos-cauciuc-flexibil\/","title":{"rendered":"Flexible rubber basket"},"content":{"rendered":"<p>26L, 42L or 55L flexible rubber basket.<\/p>","protected":false},"excerpt":{"rendered":"<p>Suitable for transporting or storing any material.<\/p>","protected":false},"featured_media":1724,"comment_status":"open","ping_status":"closed","template":"","meta":{"_acf_changed":false},"product_cat":[76],"product_tag":[],"class_list":{"0":"post-1723","1":"product","2":"type-product","3":"status-publish","4":"has-post-thumbnail","6":"product_cat-mase-plastice","8":"first","9":"instock","10":"shipping-taxable","11":"product-type-simple"},"acf":[],"yoast_head":"<!-- This site is optimized with the Yoast SEO plugin v22.8 - https:\/\/yoast.com\/wordpress\/plugins\/seo\/ -->\n<title>Co\u0219 cauciuc flexibil | ADIDAC<\/title>\n<meta name=\"description\" content=\"Co\u0219ul din cauciuc flexibil poate fi utilizat la numeroase activit\u0103\u021bi at\u00e2t \u00een interior, c\u00e2t \u0219i \u00een exterior.\" \/>\n<meta name=\"robots\" content=\"index, follow, max-snippet:-1, max-image-preview:large, max-video-preview:-1\" \/>\n<link rel=\"canonical\" href=\"https:\/\/adidac.ro\/en\/product\/cos-cauciuc-flexibil\/\" \/>\n<meta property=\"og:locale\" content=\"en_US\" \/>\n<meta property=\"og:type\" content=\"article\" \/>\n<meta property=\"og:title\" content=\"Co\u0219 cauciuc flexibil | ADIDAC\" \/>\n<meta property=\"og:description\" content=\"Co\u0219ul din cauciuc flexibil poate fi utilizat la numeroase activit\u0103\u021bi at\u00e2t \u00een interior, c\u00e2t \u0219i \u00een exterior.\" \/>\n<meta property=\"og:url\" content=\"https:\/\/adidac.ro\/en\/product\/cos-cauciuc-flexibil\/\" \/>\n<meta property=\"og:site_name\" content=\"ADIDAC\" \/>\n<meta property=\"article:modified_time\" content=\"2021-10-01T11:13:39+00:00\" \/>\n<meta property=\"og:image\" content=\"https:\/\/adidac.ro\/wp-content\/uploads\/2021\/09\/Cos-cauciuc-flexibil.jpg\" \/>\n\t<meta property=\"og:image:width\" content=\"800\" \/>\n\t<meta property=\"og:image:height\" content=\"800\" \/>\n\t<meta property=\"og:image:type\" content=\"image\/jpeg\" \/>\n<meta name=\"twitter:card\" content=\"summary_large_image\" \/>\n<meta name=\"twitter:label1\" content=\"Est. reading time\" \/>\n\t<meta name=\"twitter:data1\" content=\"1 minute\" \/>\n<script type=\"application\/ld+json\" class=\"yoast-schema-graph\">{\"@context\":\"https:\/\/schema.org\",\"@graph\":[{\"@type\":\"WebPage\",\"@id\":\"https:\/\/adidac.ro\/produs\/cos-cauciuc-flexibil\/\",\"url\":\"https:\/\/adidac.ro\/produs\/cos-cauciuc-flexibil\/\",\"name\":\"Co\u0219 cauciuc flexibil | ADIDAC\",\"isPartOf\":{\"@id\":\"https:\/\/adidac.ro\/#website\"},\"primaryImageOfPage\":{\"@id\":\"https:\/\/adidac.ro\/produs\/cos-cauciuc-flexibil\/#primaryimage\"},\"image\":{\"@id\":\"https:\/\/adidac.ro\/produs\/cos-cauciuc-flexibil\/#primaryimage\"},\"thumbnailUrl\":\"https:\/\/adidac.ro\/wp-content\/uploads\/2021\/09\/Cos-cauciuc-flexibil.jpg\",\"datePublished\":\"2021-09-30T12:20:13+00:00\",\"dateModified\":\"2021-10-01T11:13:39+00:00\",\"description\":\"Co\u0219ul din cauciuc flexibil poate fi utilizat la numeroase activit\u0103\u021bi at\u00e2t \u00een interior, c\u00e2t \u0219i \u00een exterior.\",\"breadcrumb\":{\"@id\":\"https:\/\/adidac.ro\/produs\/cos-cauciuc-flexibil\/#breadcrumb\"},\"inLanguage\":\"en-US\",\"potentialAction\":[{\"@type\":\"ReadAction\",\"target\":[\"https:\/\/adidac.ro\/produs\/cos-cauciuc-flexibil\/\"]}]},{\"@type\":\"ImageObject\",\"inLanguage\":\"en-US\",\"@id\":\"https:\/\/adidac.ro\/produs\/cos-cauciuc-flexibil\/#primaryimage\",\"url\":\"https:\/\/adidac.ro\/wp-content\/uploads\/2021\/09\/Cos-cauciuc-flexibil.jpg\",\"contentUrl\":\"https:\/\/adidac.ro\/wp-content\/uploads\/2021\/09\/Cos-cauciuc-flexibil.jpg\",\"width\":800,\"height\":800,\"caption\":\"Cos-cauciuc-flexibil\"},{\"@type\":\"BreadcrumbList\",\"@id\":\"https:\/\/adidac.ro\/produs\/cos-cauciuc-flexibil\/#breadcrumb\",\"itemListElement\":[{\"@type\":\"ListItem\",\"position\":1,\"name\":\"Home\",\"item\":\"https:\/\/adidac.ro\/\"},{\"@type\":\"ListItem\",\"position\":2,\"name\":\"Shop\",\"item\":\"https:\/\/adidac.ro\/shop\/\"},{\"@type\":\"ListItem\",\"position\":3,\"name\":\"Co\u0219 cauciuc flexibil\"}]},{\"@type\":\"WebSite\",\"@id\":\"https:\/\/adidac.ro\/#website\",\"url\":\"https:\/\/adidac.ro\/\",\"name\":\"ADIDAC\",\"description\":\"M\u0103turi din sorg cu tradi\u021bie\",\"publisher\":{\"@id\":\"https:\/\/adidac.ro\/#organization\"},\"potentialAction\":[{\"@type\":\"SearchAction\",\"target\":{\"@type\":\"EntryPoint\",\"urlTemplate\":\"https:\/\/adidac.ro\/?s={search_term_string}\"},\"query-input\":\"required name=search_term_string\"}],\"inLanguage\":\"en-US\"},{\"@type\":\"Organization\",\"@id\":\"https:\/\/adidac.ro\/#organization\",\"name\":\"ADIDAC\",\"url\":\"https:\/\/adidac.ro\/\",\"logo\":{\"@type\":\"ImageObject\",\"inLanguage\":\"en-US\",\"@id\":\"https:\/\/adidac.ro\/#\/schema\/logo\/image\/\",\"url\":\"https:\/\/adidac.ro\/wp-content\/uploads\/2021\/12\/logo-adidac-web.svg\",\"contentUrl\":\"https:\/\/adidac.ro\/wp-content\/uploads\/2021\/12\/logo-adidac-web.svg\",\"width\":400,\"height\":105,\"caption\":\"ADIDAC\"},\"image\":{\"@id\":\"https:\/\/adidac.ro\/#\/schema\/logo\/image\/\"}}]}<\/script>\n<!-- \/ Yoast SEO plugin. -->","yoast_head_json":{"title":"Co\u0219 cauciuc flexibil | ADIDAC","description":"Co\u0219ul din cauciuc flexibil poate fi utilizat la numeroase activit\u0103\u021bi at\u00e2t \u00een interior, c\u00e2t \u0219i \u00een exterior.","robots":{"index":"index","follow":"follow","max-snippet":"max-snippet:-1","max-image-preview":"max-image-preview:large","max-video-preview":"max-video-preview:-1"},"canonical":"https:\/\/adidac.ro\/en\/product\/cos-cauciuc-flexibil\/","og_locale":"en_US","og_type":"article","og_title":"Co\u0219 cauciuc flexibil | ADIDAC","og_description":"Co\u0219ul din cauciuc flexibil poate fi utilizat la numeroase activit\u0103\u021bi at\u00e2t \u00een interior, c\u00e2t \u0219i \u00een exterior.","og_url":"https:\/\/adidac.ro\/en\/product\/cos-cauciuc-flexibil\/","og_site_name":"ADIDAC","article_modified_time":"2021-10-01T11:13:39+00:00","og_image":[{"width":800,"height":800,"url":"https:\/\/adidac.ro\/wp-content\/uploads\/2021\/09\/Cos-cauciuc-flexibil.jpg","type":"image\/jpeg"}],"twitter_card":"summary_large_image","twitter_misc":{"Est. reading time":"1 minute"},"schema":{"@context":"https:\/\/schema.org","@graph":[{"@type":"WebPage","@id":"https:\/\/adidac.ro\/produs\/cos-cauciuc-flexibil\/","url":"https:\/\/adidac.ro\/produs\/cos-cauciuc-flexibil\/","name":"Co\u0219 cauciuc flexibil | ADIDAC","isPartOf":{"@id":"https:\/\/adidac.ro\/#website"},"primaryImageOfPage":{"@id":"https:\/\/adidac.ro\/produs\/cos-cauciuc-flexibil\/#primaryimage"},"image":{"@id":"https:\/\/adidac.ro\/produs\/cos-cauciuc-flexibil\/#primaryimage"},"thumbnailUrl":"https:\/\/adidac.ro\/wp-content\/uploads\/2021\/09\/Cos-cauciuc-flexibil.jpg","datePublished":"2021-09-30T12:20:13+00:00","dateModified":"2021-10-01T11:13:39+00:00","description":"Co\u0219ul din cauciuc flexibil poate fi utilizat la numeroase activit\u0103\u021bi at\u00e2t \u00een interior, c\u00e2t \u0219i \u00een exterior.","breadcrumb":{"@id":"https:\/\/adidac.ro\/produs\/cos-cauciuc-flexibil\/#breadcrumb"},"inLanguage":"en-US","potentialAction":[{"@type":"ReadAction","target":["https:\/\/adidac.ro\/produs\/cos-cauciuc-flexibil\/"]}]},{"@type":"ImageObject","inLanguage":"en-US","@id":"https:\/\/adidac.ro\/produs\/cos-cauciuc-flexibil\/#primaryimage","url":"https:\/\/adidac.ro\/wp-content\/uploads\/2021\/09\/Cos-cauciuc-flexibil.jpg","contentUrl":"https:\/\/adidac.ro\/wp-content\/uploads\/2021\/09\/Cos-cauciuc-flexibil.jpg","width":800,"height":800,"caption":"Cos-cauciuc-flexibil"},{"@type":"BreadcrumbList","@id":"https:\/\/adidac.ro\/produs\/cos-cauciuc-flexibil\/#breadcrumb","itemListElement":[{"@type":"ListItem","position":1,"name":"Home","item":"https:\/\/adidac.ro\/"},{"@type":"ListItem","position":2,"name":"Shop","item":"https:\/\/adidac.ro\/shop\/"},{"@type":"ListItem","position":3,"name":"Co\u0219 cauciuc flexibil"}]},{"@type":"WebSite","@id":"https:\/\/adidac.ro\/#website","url":"https:\/\/adidac.ro\/","name":"ADIDAC","description":"M\u0103turi din sorg cu tradi\u021bie","publisher":{"@id":"https:\/\/adidac.ro\/#organization"},"potentialAction":[{"@type":"SearchAction","target":{"@type":"EntryPoint","urlTemplate":"https:\/\/adidac.ro\/?s={search_term_string}"},"query-input":"required name=search_term_string"}],"inLanguage":"en-US"},{"@type":"Organization","@id":"https:\/\/adidac.ro\/#organization","name":"ADIDAC","url":"https:\/\/adidac.ro\/","logo":{"@type":"ImageObject","inLanguage":"en-US","@id":"https:\/\/adidac.ro\/#\/schema\/logo\/image\/","url":"https:\/\/adidac.ro\/wp-content\/uploads\/2021\/12\/logo-adidac-web.svg","contentUrl":"https:\/\/adidac.ro\/wp-content\/uploads\/2021\/12\/logo-adidac-web.svg","width":400,"height":105,"caption":"ADIDAC"},"image":{"@id":"https:\/\/adidac.ro\/#\/schema\/logo\/image\/"}}]}},"jetpack_sharing_enabled":true,"_links":{"self":[{"href":"https:\/\/adidac.ro\/en\/wp-json\/wp\/v2\/product\/1723","targetHints":{"allow":["GET"]}}],"collection":[{"href":"https:\/\/adidac.ro\/en\/wp-json\/wp\/v2\/product"}],"about":[{"href":"https:\/\/adidac.ro\/en\/wp-json\/wp\/v2\/types\/product"}],"replies":[{"embeddable":true,"href":"https:\/\/adidac.ro\/en\/wp-json\/wp\/v2\/comments?post=1723"}],"wp:featuredmedia":[{"embeddable":true,"href":"https:\/\/adidac.ro\/en\/wp-json\/wp\/v2\/media\/1724"}],"wp:attachment":[{"href":"https:\/\/adidac.ro\/en\/wp-json\/wp\/v2\/media?parent=1723"}],"wp:term":[{"taxonomy":"product_cat","embeddable":true,"href":"https:\/\/adidac.ro\/en\/wp-json\/wp\/v2\/product_cat?post=1723"},{"taxonomy":"product_tag","embeddable":true,"href":"https:\/\/adidac.ro\/en\/wp-json\/wp\/v2\/product_tag?post=1723"}],"curies":[{"name":"wp","href":"https:\/\/api.w.org\/{rel}","templated":true}]}}