{"id":1703,"date":"2021-09-30T12:17:40","date_gmt":"2021-09-30T09:17:40","guid":{"rendered":"https:\/\/zecehotare.ro\/?post_type=product&#038;p=1703"},"modified":"2021-10-01T14:02:43","modified_gmt":"2021-10-01T11:02:43","slug":"matura-curte-bambus","status":"publish","type":"product","link":"https:\/\/adidac.ro\/en\/product\/matura-curte-bambus\/","title":{"rendered":"Bamboo broom for the yard"},"content":{"rendered":"<p>The bamboo broom has a rigid and durable spike, being used for both hard surfaces and snow. Its tail is made of bamboo.<\/p>","protected":false},"excerpt":{"rendered":"<p>Ideal for cleaning exterior surfaces.<\/p>","protected":false},"featured_media":1704,"comment_status":"open","ping_status":"closed","template":"","meta":{"_acf_changed":false},"product_cat":[74],"product_tag":[],"class_list":{"0":"post-1703","1":"product","2":"type-product","3":"status-publish","4":"has-post-thumbnail","6":"product_cat-maturi","8":"first","9":"instock","10":"shipping-taxable","11":"product-type-simple"},"acf":[],"yoast_head":"<!-- This site is optimized with the Yoast SEO plugin v22.8 - https:\/\/yoast.com\/wordpress\/plugins\/seo\/ -->\n<title>M\u0103tur\u0103 bambus | pentru curte | ADIDAC<\/title>\n<meta name=\"description\" content=\"Matura de bambus este utilizat\u0103 at\u00e2t pentru suprafe\u021bele dure, c\u00e2t \u0219i pentru zapad\u0103. Coada acesteia este realizata dintr-o esenta de bambus.\" \/>\n<meta name=\"robots\" content=\"index, follow, max-snippet:-1, max-image-preview:large, max-video-preview:-1\" \/>\n<link rel=\"canonical\" href=\"https:\/\/adidac.ro\/en\/product\/matura-curte-bambus\/\" \/>\n<meta property=\"og:locale\" content=\"en_US\" \/>\n<meta property=\"og:type\" content=\"article\" \/>\n<meta property=\"og:title\" content=\"M\u0103tur\u0103 bambus | pentru curte | ADIDAC\" \/>\n<meta property=\"og:description\" content=\"Matura de bambus este utilizat\u0103 at\u00e2t pentru suprafe\u021bele dure, c\u00e2t \u0219i pentru zapad\u0103. Coada acesteia este realizata dintr-o esenta de bambus.\" \/>\n<meta property=\"og:url\" content=\"https:\/\/adidac.ro\/en\/product\/matura-curte-bambus\/\" \/>\n<meta property=\"og:site_name\" content=\"ADIDAC\" \/>\n<meta property=\"article:modified_time\" content=\"2021-10-01T11:02:43+00:00\" \/>\n<meta property=\"og:image\" content=\"https:\/\/adidac.ro\/wp-content\/uploads\/2021\/09\/produs-matura-bambus.jpg\" \/>\n\t<meta property=\"og:image:width\" content=\"600\" \/>\n\t<meta property=\"og:image:height\" content=\"600\" \/>\n\t<meta property=\"og:image:type\" content=\"image\/jpeg\" \/>\n<meta name=\"twitter:card\" content=\"summary_large_image\" \/>\n<meta name=\"twitter:label1\" content=\"Est. reading time\" \/>\n\t<meta name=\"twitter:data1\" content=\"1 minute\" \/>\n<script type=\"application\/ld+json\" class=\"yoast-schema-graph\">{\"@context\":\"https:\/\/schema.org\",\"@graph\":[{\"@type\":\"WebPage\",\"@id\":\"https:\/\/adidac.ro\/produs\/matura-curte-bambus\/\",\"url\":\"https:\/\/adidac.ro\/produs\/matura-curte-bambus\/\",\"name\":\"M\u0103tur\u0103 bambus | pentru curte | ADIDAC\",\"isPartOf\":{\"@id\":\"https:\/\/adidac.ro\/#website\"},\"primaryImageOfPage\":{\"@id\":\"https:\/\/adidac.ro\/produs\/matura-curte-bambus\/#primaryimage\"},\"image\":{\"@id\":\"https:\/\/adidac.ro\/produs\/matura-curte-bambus\/#primaryimage\"},\"thumbnailUrl\":\"https:\/\/adidac.ro\/wp-content\/uploads\/2021\/09\/produs-matura-bambus.jpg\",\"datePublished\":\"2021-09-30T09:17:40+00:00\",\"dateModified\":\"2021-10-01T11:02:43+00:00\",\"description\":\"Matura de bambus este utilizat\u0103 at\u00e2t pentru suprafe\u021bele dure, c\u00e2t \u0219i pentru zapad\u0103. Coada acesteia este realizata dintr-o esenta de bambus.\",\"breadcrumb\":{\"@id\":\"https:\/\/adidac.ro\/produs\/matura-curte-bambus\/#breadcrumb\"},\"inLanguage\":\"en-US\",\"potentialAction\":[{\"@type\":\"ReadAction\",\"target\":[\"https:\/\/adidac.ro\/produs\/matura-curte-bambus\/\"]}]},{\"@type\":\"ImageObject\",\"inLanguage\":\"en-US\",\"@id\":\"https:\/\/adidac.ro\/produs\/matura-curte-bambus\/#primaryimage\",\"url\":\"https:\/\/adidac.ro\/wp-content\/uploads\/2021\/09\/produs-matura-bambus.jpg\",\"contentUrl\":\"https:\/\/adidac.ro\/wp-content\/uploads\/2021\/09\/produs-matura-bambus.jpg\",\"width\":600,\"height\":600,\"caption\":\"Matura bambus\"},{\"@type\":\"BreadcrumbList\",\"@id\":\"https:\/\/adidac.ro\/produs\/matura-curte-bambus\/#breadcrumb\",\"itemListElement\":[{\"@type\":\"ListItem\",\"position\":1,\"name\":\"Home\",\"item\":\"https:\/\/adidac.ro\/\"},{\"@type\":\"ListItem\",\"position\":2,\"name\":\"Shop\",\"item\":\"https:\/\/adidac.ro\/shop\/\"},{\"@type\":\"ListItem\",\"position\":3,\"name\":\"M\u0103tur\u0103 bambus | pentru curte\"}]},{\"@type\":\"WebSite\",\"@id\":\"https:\/\/adidac.ro\/#website\",\"url\":\"https:\/\/adidac.ro\/\",\"name\":\"ADIDAC\",\"description\":\"M\u0103turi din sorg cu tradi\u021bie\",\"publisher\":{\"@id\":\"https:\/\/adidac.ro\/#organization\"},\"potentialAction\":[{\"@type\":\"SearchAction\",\"target\":{\"@type\":\"EntryPoint\",\"urlTemplate\":\"https:\/\/adidac.ro\/?s={search_term_string}\"},\"query-input\":\"required name=search_term_string\"}],\"inLanguage\":\"en-US\"},{\"@type\":\"Organization\",\"@id\":\"https:\/\/adidac.ro\/#organization\",\"name\":\"ADIDAC\",\"url\":\"https:\/\/adidac.ro\/\",\"logo\":{\"@type\":\"ImageObject\",\"inLanguage\":\"en-US\",\"@id\":\"https:\/\/adidac.ro\/#\/schema\/logo\/image\/\",\"url\":\"https:\/\/adidac.ro\/wp-content\/uploads\/2021\/12\/logo-adidac-web.svg\",\"contentUrl\":\"https:\/\/adidac.ro\/wp-content\/uploads\/2021\/12\/logo-adidac-web.svg\",\"width\":400,\"height\":105,\"caption\":\"ADIDAC\"},\"image\":{\"@id\":\"https:\/\/adidac.ro\/#\/schema\/logo\/image\/\"}}]}<\/script>\n<!-- \/ Yoast SEO plugin. -->","yoast_head_json":{"title":"M\u0103tur\u0103 bambus | pentru curte | ADIDAC","description":"Matura de bambus este utilizat\u0103 at\u00e2t pentru suprafe\u021bele dure, c\u00e2t \u0219i pentru zapad\u0103. Coada acesteia este realizata dintr-o esenta de bambus.","robots":{"index":"index","follow":"follow","max-snippet":"max-snippet:-1","max-image-preview":"max-image-preview:large","max-video-preview":"max-video-preview:-1"},"canonical":"https:\/\/adidac.ro\/en\/product\/matura-curte-bambus\/","og_locale":"en_US","og_type":"article","og_title":"M\u0103tur\u0103 bambus | pentru curte | ADIDAC","og_description":"Matura de bambus este utilizat\u0103 at\u00e2t pentru suprafe\u021bele dure, c\u00e2t \u0219i pentru zapad\u0103. Coada acesteia este realizata dintr-o esenta de bambus.","og_url":"https:\/\/adidac.ro\/en\/product\/matura-curte-bambus\/","og_site_name":"ADIDAC","article_modified_time":"2021-10-01T11:02:43+00:00","og_image":[{"width":600,"height":600,"url":"https:\/\/adidac.ro\/wp-content\/uploads\/2021\/09\/produs-matura-bambus.jpg","type":"image\/jpeg"}],"twitter_card":"summary_large_image","twitter_misc":{"Est. reading time":"1 minute"},"schema":{"@context":"https:\/\/schema.org","@graph":[{"@type":"WebPage","@id":"https:\/\/adidac.ro\/produs\/matura-curte-bambus\/","url":"https:\/\/adidac.ro\/produs\/matura-curte-bambus\/","name":"M\u0103tur\u0103 bambus | pentru curte | ADIDAC","isPartOf":{"@id":"https:\/\/adidac.ro\/#website"},"primaryImageOfPage":{"@id":"https:\/\/adidac.ro\/produs\/matura-curte-bambus\/#primaryimage"},"image":{"@id":"https:\/\/adidac.ro\/produs\/matura-curte-bambus\/#primaryimage"},"thumbnailUrl":"https:\/\/adidac.ro\/wp-content\/uploads\/2021\/09\/produs-matura-bambus.jpg","datePublished":"2021-09-30T09:17:40+00:00","dateModified":"2021-10-01T11:02:43+00:00","description":"Matura de bambus este utilizat\u0103 at\u00e2t pentru suprafe\u021bele dure, c\u00e2t \u0219i pentru zapad\u0103. Coada acesteia este realizata dintr-o esenta de bambus.","breadcrumb":{"@id":"https:\/\/adidac.ro\/produs\/matura-curte-bambus\/#breadcrumb"},"inLanguage":"en-US","potentialAction":[{"@type":"ReadAction","target":["https:\/\/adidac.ro\/produs\/matura-curte-bambus\/"]}]},{"@type":"ImageObject","inLanguage":"en-US","@id":"https:\/\/adidac.ro\/produs\/matura-curte-bambus\/#primaryimage","url":"https:\/\/adidac.ro\/wp-content\/uploads\/2021\/09\/produs-matura-bambus.jpg","contentUrl":"https:\/\/adidac.ro\/wp-content\/uploads\/2021\/09\/produs-matura-bambus.jpg","width":600,"height":600,"caption":"Matura bambus"},{"@type":"BreadcrumbList","@id":"https:\/\/adidac.ro\/produs\/matura-curte-bambus\/#breadcrumb","itemListElement":[{"@type":"ListItem","position":1,"name":"Home","item":"https:\/\/adidac.ro\/"},{"@type":"ListItem","position":2,"name":"Shop","item":"https:\/\/adidac.ro\/shop\/"},{"@type":"ListItem","position":3,"name":"M\u0103tur\u0103 bambus | pentru curte"}]},{"@type":"WebSite","@id":"https:\/\/adidac.ro\/#website","url":"https:\/\/adidac.ro\/","name":"ADIDAC","description":"M\u0103turi din sorg cu tradi\u021bie","publisher":{"@id":"https:\/\/adidac.ro\/#organization"},"potentialAction":[{"@type":"SearchAction","target":{"@type":"EntryPoint","urlTemplate":"https:\/\/adidac.ro\/?s={search_term_string}"},"query-input":"required name=search_term_string"}],"inLanguage":"en-US"},{"@type":"Organization","@id":"https:\/\/adidac.ro\/#organization","name":"ADIDAC","url":"https:\/\/adidac.ro\/","logo":{"@type":"ImageObject","inLanguage":"en-US","@id":"https:\/\/adidac.ro\/#\/schema\/logo\/image\/","url":"https:\/\/adidac.ro\/wp-content\/uploads\/2021\/12\/logo-adidac-web.svg","contentUrl":"https:\/\/adidac.ro\/wp-content\/uploads\/2021\/12\/logo-adidac-web.svg","width":400,"height":105,"caption":"ADIDAC"},"image":{"@id":"https:\/\/adidac.ro\/#\/schema\/logo\/image\/"}}]}},"jetpack_sharing_enabled":true,"_links":{"self":[{"href":"https:\/\/adidac.ro\/en\/wp-json\/wp\/v2\/product\/1703","targetHints":{"allow":["GET"]}}],"collection":[{"href":"https:\/\/adidac.ro\/en\/wp-json\/wp\/v2\/product"}],"about":[{"href":"https:\/\/adidac.ro\/en\/wp-json\/wp\/v2\/types\/product"}],"replies":[{"embeddable":true,"href":"https:\/\/adidac.ro\/en\/wp-json\/wp\/v2\/comments?post=1703"}],"wp:featuredmedia":[{"embeddable":true,"href":"https:\/\/adidac.ro\/en\/wp-json\/wp\/v2\/media\/1704"}],"wp:attachment":[{"href":"https:\/\/adidac.ro\/en\/wp-json\/wp\/v2\/media?parent=1703"}],"wp:term":[{"taxonomy":"product_cat","embeddable":true,"href":"https:\/\/adidac.ro\/en\/wp-json\/wp\/v2\/product_cat?post=1703"},{"taxonomy":"product_tag","embeddable":true,"href":"https:\/\/adidac.ro\/en\/wp-json\/wp\/v2\/product_tag?post=1703"}],"curies":[{"name":"wp","href":"https:\/\/api.w.org\/{rel}","templated":true}]}}