{"id":1697,"date":"2021-09-30T11:06:32","date_gmt":"2021-09-30T08:06:32","guid":{"rendered":"https:\/\/zecehotare.ro\/?post_type=product&#038;p=1697"},"modified":"2021-10-01T13:36:49","modified_gmt":"2021-10-01T10:36:49","slug":"matura-5-cusaturi","status":"publish","type":"product","link":"https:\/\/adidac.ro\/en\/product\/matura-5-cusaturi\/","title":{"rendered":"Sorg broom | 5 stitches"},"content":{"rendered":"<p>The broom is suitable for cleaning various surfaces both inside and outside, being easy to use and store.<\/p>","protected":false},"excerpt":{"rendered":"<p>Classic broom enhanced with an extra row of seams to increase strength and make the cleaning process easier.<\/p>","protected":false},"featured_media":1706,"comment_status":"open","ping_status":"closed","template":"","meta":{"_acf_changed":false},"product_cat":[74],"product_tag":[],"class_list":{"0":"post-1697","1":"product","2":"type-product","3":"status-publish","4":"has-post-thumbnail","6":"product_cat-maturi","8":"first","9":"instock","10":"shipping-taxable","11":"product-type-simple"},"acf":[],"yoast_head":"<!-- This site is optimized with the Yoast SEO plugin v22.8 - https:\/\/yoast.com\/wordpress\/plugins\/seo\/ -->\n<title>M\u0103tur\u0103 sorg | 5 cus\u0103turi | ADIDAC<\/title>\n<meta name=\"description\" content=\"M\u0103tura clasic\u0103 \u00eembun\u0103t\u0103\u021bit\u0103 cu un r\u00e2nd \u00een plus de cus\u0103turi pentru a spori rezisten\u021ba \u0219i a u\u0219ura procesul de cur\u0103\u021bare cresc\u00e2nd rigiditatea.\" \/>\n<meta name=\"robots\" content=\"index, follow, max-snippet:-1, max-image-preview:large, max-video-preview:-1\" \/>\n<link rel=\"canonical\" href=\"https:\/\/adidac.ro\/en\/product\/matura-5-cusaturi\/\" \/>\n<meta property=\"og:locale\" content=\"en_US\" \/>\n<meta property=\"og:type\" content=\"article\" \/>\n<meta property=\"og:title\" content=\"M\u0103tur\u0103 sorg | 5 cus\u0103turi | ADIDAC\" \/>\n<meta property=\"og:description\" content=\"M\u0103tura clasic\u0103 \u00eembun\u0103t\u0103\u021bit\u0103 cu un r\u00e2nd \u00een plus de cus\u0103turi pentru a spori rezisten\u021ba \u0219i a u\u0219ura procesul de cur\u0103\u021bare cresc\u00e2nd rigiditatea.\" \/>\n<meta property=\"og:url\" content=\"https:\/\/adidac.ro\/en\/product\/matura-5-cusaturi\/\" \/>\n<meta property=\"og:site_name\" content=\"ADIDAC\" \/>\n<meta property=\"article:modified_time\" content=\"2021-10-01T10:36:49+00:00\" \/>\n<meta property=\"og:image\" content=\"https:\/\/adidac.ro\/wp-content\/uploads\/2021\/09\/matura-sorg-5-cusaturi.jpg\" \/>\n\t<meta property=\"og:image:width\" content=\"444\" \/>\n\t<meta property=\"og:image:height\" content=\"444\" \/>\n\t<meta property=\"og:image:type\" content=\"image\/jpeg\" \/>\n<meta name=\"twitter:card\" content=\"summary_large_image\" \/>\n<meta name=\"twitter:label1\" content=\"Est. reading time\" \/>\n\t<meta name=\"twitter:data1\" content=\"1 minute\" \/>\n<script type=\"application\/ld+json\" class=\"yoast-schema-graph\">{\"@context\":\"https:\/\/schema.org\",\"@graph\":[{\"@type\":\"WebPage\",\"@id\":\"https:\/\/adidac.ro\/produs\/matura-5-cusaturi\/\",\"url\":\"https:\/\/adidac.ro\/produs\/matura-5-cusaturi\/\",\"name\":\"M\u0103tur\u0103 sorg | 5 cus\u0103turi | ADIDAC\",\"isPartOf\":{\"@id\":\"https:\/\/adidac.ro\/#website\"},\"primaryImageOfPage\":{\"@id\":\"https:\/\/adidac.ro\/produs\/matura-5-cusaturi\/#primaryimage\"},\"image\":{\"@id\":\"https:\/\/adidac.ro\/produs\/matura-5-cusaturi\/#primaryimage\"},\"thumbnailUrl\":\"https:\/\/adidac.ro\/wp-content\/uploads\/2021\/09\/matura-sorg-5-cusaturi.jpg\",\"datePublished\":\"2021-09-30T08:06:32+00:00\",\"dateModified\":\"2021-10-01T10:36:49+00:00\",\"description\":\"M\u0103tura clasic\u0103 \u00eembun\u0103t\u0103\u021bit\u0103 cu un r\u00e2nd \u00een plus de cus\u0103turi pentru a spori rezisten\u021ba \u0219i a u\u0219ura procesul de cur\u0103\u021bare cresc\u00e2nd rigiditatea.\",\"breadcrumb\":{\"@id\":\"https:\/\/adidac.ro\/produs\/matura-5-cusaturi\/#breadcrumb\"},\"inLanguage\":\"en-US\",\"potentialAction\":[{\"@type\":\"ReadAction\",\"target\":[\"https:\/\/adidac.ro\/produs\/matura-5-cusaturi\/\"]}]},{\"@type\":\"ImageObject\",\"inLanguage\":\"en-US\",\"@id\":\"https:\/\/adidac.ro\/produs\/matura-5-cusaturi\/#primaryimage\",\"url\":\"https:\/\/adidac.ro\/wp-content\/uploads\/2021\/09\/matura-sorg-5-cusaturi.jpg\",\"contentUrl\":\"https:\/\/adidac.ro\/wp-content\/uploads\/2021\/09\/matura-sorg-5-cusaturi.jpg\",\"width\":444,\"height\":444},{\"@type\":\"BreadcrumbList\",\"@id\":\"https:\/\/adidac.ro\/produs\/matura-5-cusaturi\/#breadcrumb\",\"itemListElement\":[{\"@type\":\"ListItem\",\"position\":1,\"name\":\"Home\",\"item\":\"https:\/\/adidac.ro\/\"},{\"@type\":\"ListItem\",\"position\":2,\"name\":\"Shop\",\"item\":\"https:\/\/adidac.ro\/shop\/\"},{\"@type\":\"ListItem\",\"position\":3,\"name\":\"M\u0103tur\u0103 sorg | 5 cus\u0103turi\"}]},{\"@type\":\"WebSite\",\"@id\":\"https:\/\/adidac.ro\/#website\",\"url\":\"https:\/\/adidac.ro\/\",\"name\":\"ADIDAC\",\"description\":\"M\u0103turi din sorg cu tradi\u021bie\",\"publisher\":{\"@id\":\"https:\/\/adidac.ro\/#organization\"},\"potentialAction\":[{\"@type\":\"SearchAction\",\"target\":{\"@type\":\"EntryPoint\",\"urlTemplate\":\"https:\/\/adidac.ro\/?s={search_term_string}\"},\"query-input\":\"required name=search_term_string\"}],\"inLanguage\":\"en-US\"},{\"@type\":\"Organization\",\"@id\":\"https:\/\/adidac.ro\/#organization\",\"name\":\"ADIDAC\",\"url\":\"https:\/\/adidac.ro\/\",\"logo\":{\"@type\":\"ImageObject\",\"inLanguage\":\"en-US\",\"@id\":\"https:\/\/adidac.ro\/#\/schema\/logo\/image\/\",\"url\":\"https:\/\/adidac.ro\/wp-content\/uploads\/2021\/12\/logo-adidac-web.svg\",\"contentUrl\":\"https:\/\/adidac.ro\/wp-content\/uploads\/2021\/12\/logo-adidac-web.svg\",\"width\":400,\"height\":105,\"caption\":\"ADIDAC\"},\"image\":{\"@id\":\"https:\/\/adidac.ro\/#\/schema\/logo\/image\/\"}}]}<\/script>\n<!-- \/ Yoast SEO plugin. -->","yoast_head_json":{"title":"M\u0103tur\u0103 sorg | 5 cus\u0103turi | ADIDAC","description":"M\u0103tura clasic\u0103 \u00eembun\u0103t\u0103\u021bit\u0103 cu un r\u00e2nd \u00een plus de cus\u0103turi pentru a spori rezisten\u021ba \u0219i a u\u0219ura procesul de cur\u0103\u021bare cresc\u00e2nd rigiditatea.","robots":{"index":"index","follow":"follow","max-snippet":"max-snippet:-1","max-image-preview":"max-image-preview:large","max-video-preview":"max-video-preview:-1"},"canonical":"https:\/\/adidac.ro\/en\/product\/matura-5-cusaturi\/","og_locale":"en_US","og_type":"article","og_title":"M\u0103tur\u0103 sorg | 5 cus\u0103turi | ADIDAC","og_description":"M\u0103tura clasic\u0103 \u00eembun\u0103t\u0103\u021bit\u0103 cu un r\u00e2nd \u00een plus de cus\u0103turi pentru a spori rezisten\u021ba \u0219i a u\u0219ura procesul de cur\u0103\u021bare cresc\u00e2nd rigiditatea.","og_url":"https:\/\/adidac.ro\/en\/product\/matura-5-cusaturi\/","og_site_name":"ADIDAC","article_modified_time":"2021-10-01T10:36:49+00:00","og_image":[{"width":444,"height":444,"url":"https:\/\/adidac.ro\/wp-content\/uploads\/2021\/09\/matura-sorg-5-cusaturi.jpg","type":"image\/jpeg"}],"twitter_card":"summary_large_image","twitter_misc":{"Est. reading time":"1 minute"},"schema":{"@context":"https:\/\/schema.org","@graph":[{"@type":"WebPage","@id":"https:\/\/adidac.ro\/produs\/matura-5-cusaturi\/","url":"https:\/\/adidac.ro\/produs\/matura-5-cusaturi\/","name":"M\u0103tur\u0103 sorg | 5 cus\u0103turi | ADIDAC","isPartOf":{"@id":"https:\/\/adidac.ro\/#website"},"primaryImageOfPage":{"@id":"https:\/\/adidac.ro\/produs\/matura-5-cusaturi\/#primaryimage"},"image":{"@id":"https:\/\/adidac.ro\/produs\/matura-5-cusaturi\/#primaryimage"},"thumbnailUrl":"https:\/\/adidac.ro\/wp-content\/uploads\/2021\/09\/matura-sorg-5-cusaturi.jpg","datePublished":"2021-09-30T08:06:32+00:00","dateModified":"2021-10-01T10:36:49+00:00","description":"M\u0103tura clasic\u0103 \u00eembun\u0103t\u0103\u021bit\u0103 cu un r\u00e2nd \u00een plus de cus\u0103turi pentru a spori rezisten\u021ba \u0219i a u\u0219ura procesul de cur\u0103\u021bare cresc\u00e2nd rigiditatea.","breadcrumb":{"@id":"https:\/\/adidac.ro\/produs\/matura-5-cusaturi\/#breadcrumb"},"inLanguage":"en-US","potentialAction":[{"@type":"ReadAction","target":["https:\/\/adidac.ro\/produs\/matura-5-cusaturi\/"]}]},{"@type":"ImageObject","inLanguage":"en-US","@id":"https:\/\/adidac.ro\/produs\/matura-5-cusaturi\/#primaryimage","url":"https:\/\/adidac.ro\/wp-content\/uploads\/2021\/09\/matura-sorg-5-cusaturi.jpg","contentUrl":"https:\/\/adidac.ro\/wp-content\/uploads\/2021\/09\/matura-sorg-5-cusaturi.jpg","width":444,"height":444},{"@type":"BreadcrumbList","@id":"https:\/\/adidac.ro\/produs\/matura-5-cusaturi\/#breadcrumb","itemListElement":[{"@type":"ListItem","position":1,"name":"Home","item":"https:\/\/adidac.ro\/"},{"@type":"ListItem","position":2,"name":"Shop","item":"https:\/\/adidac.ro\/shop\/"},{"@type":"ListItem","position":3,"name":"M\u0103tur\u0103 sorg | 5 cus\u0103turi"}]},{"@type":"WebSite","@id":"https:\/\/adidac.ro\/#website","url":"https:\/\/adidac.ro\/","name":"ADIDAC","description":"M\u0103turi din sorg cu tradi\u021bie","publisher":{"@id":"https:\/\/adidac.ro\/#organization"},"potentialAction":[{"@type":"SearchAction","target":{"@type":"EntryPoint","urlTemplate":"https:\/\/adidac.ro\/?s={search_term_string}"},"query-input":"required name=search_term_string"}],"inLanguage":"en-US"},{"@type":"Organization","@id":"https:\/\/adidac.ro\/#organization","name":"ADIDAC","url":"https:\/\/adidac.ro\/","logo":{"@type":"ImageObject","inLanguage":"en-US","@id":"https:\/\/adidac.ro\/#\/schema\/logo\/image\/","url":"https:\/\/adidac.ro\/wp-content\/uploads\/2021\/12\/logo-adidac-web.svg","contentUrl":"https:\/\/adidac.ro\/wp-content\/uploads\/2021\/12\/logo-adidac-web.svg","width":400,"height":105,"caption":"ADIDAC"},"image":{"@id":"https:\/\/adidac.ro\/#\/schema\/logo\/image\/"}}]}},"jetpack_sharing_enabled":true,"_links":{"self":[{"href":"https:\/\/adidac.ro\/en\/wp-json\/wp\/v2\/product\/1697","targetHints":{"allow":["GET"]}}],"collection":[{"href":"https:\/\/adidac.ro\/en\/wp-json\/wp\/v2\/product"}],"about":[{"href":"https:\/\/adidac.ro\/en\/wp-json\/wp\/v2\/types\/product"}],"replies":[{"embeddable":true,"href":"https:\/\/adidac.ro\/en\/wp-json\/wp\/v2\/comments?post=1697"}],"wp:featuredmedia":[{"embeddable":true,"href":"https:\/\/adidac.ro\/en\/wp-json\/wp\/v2\/media\/1706"}],"wp:attachment":[{"href":"https:\/\/adidac.ro\/en\/wp-json\/wp\/v2\/media?parent=1697"}],"wp:term":[{"taxonomy":"product_cat","embeddable":true,"href":"https:\/\/adidac.ro\/en\/wp-json\/wp\/v2\/product_cat?post=1697"},{"taxonomy":"product_tag","embeddable":true,"href":"https:\/\/adidac.ro\/en\/wp-json\/wp\/v2\/product_tag?post=1697"}],"curies":[{"name":"wp","href":"https:\/\/api.w.org\/{rel}","templated":true}]}}