{"id":2159,"date":"2022-09-02T13:09:31","date_gmt":"2022-09-02T10:09:31","guid":{"rendered":"https:\/\/adidac.ro\/?page_id=2159"},"modified":"2022-09-02T15:17:08","modified_gmt":"2022-09-02T12:17:08","slug":"anunt-proiect","status":"publish","type":"page","link":"https:\/\/adidac.ro\/en\/anunt-proiect\/","title":{"rendered":"Anun\u021b Proiect"},"content":{"rendered":"<h3>Descrierea proiectului \u201eDEZVOLTAREA ACTIVITATII SC ADIDAC COMIMPEX SRL PRIN DOTAREA CU UTILAJE SI ECHIPAMENTE\u201d<\/h3>\n<p><img decoding=\"async\" src=\"\/wp-content\/uploads\/2022\/09\/Descrirere_Proiect_adidac_logo.jpg\" alt=\"\"><\/p>\n<div>\n<div class=\"uk-text-justify\">\n<p >SC ADIDAC COMIMPEX SRL, cu sediul \u00een Municipiul Salonta, Str. Gheorghe Baritiu, nr. 15A, Judetul Bihor, Romania, a derulat,<br \/>\u00eencep\u00e2nd cu data de 01.02.2017 si av\u00e2nd ca termen de finalizare data de 31.01.2020 (o perioada de implementare a proiectului de<br \/>36 luni), proiectul \u201eDEZVOLTAREA ACTIVITATII SC ADIDAC COMIMPEX SRL PRIN DOTAREA CU UTILAJE SI ECHIPAMENTE\u201d, cod SMIS<br \/>112593, cofinan\u021bat prin Fondul European de Dezvoltare Regional\u0103, \u00een baza contractului de finan\u021bare nr. 1590 \/ 21.03.2018.<br \/>Proiectul este finan\u021bat prin Regio &#8211; Programul Opera\u0163ional Regional 2014-2020, Axa prioritar\u0103 2 \u201eImbunatatirea competitivitatii<br \/>intreprinderilor mici si mijlocii\u201d, Prioritatea de investitii 2.2 &#8211; \u201eSprijinirea crearii si extinderea capacitatilor avansate de productie si<br \/>dezvoltarea serviciilor\u201d.<br \/>Autoritatea de Management: Ministerul Dezvolt\u0103rii, Lucr\u0103rilor Publice \u0219i Administra\u021biei.<br \/>Organismul Intermediar: Agen\u021bia de Dezvoltare Regional\u0103 Nord-Vest.<br \/>Valoarea total\u0103 a proiectului este de 2.023.695,32 lei, din care asisten\u021ba financiar\u0103 nerambursabil\u0103 este de 1.030.175,52 lei din care<br \/>valoare eligibila nerambursabila din FEDR este 875.649,19 lei iar valoare eligibila nerambursabila din bugetul na\u021bional este<br \/>154.526,33 lei.<br \/>Obiectivul general al proiectului (scopul proiectului) este acela de a creste competitivitatea societ\u0103\u021bii prin achizi\u021bia de utilaje noi si<br \/>moderne precum si a unor pachete software specializate.<br \/>Obiectivele specifice ale proiectului sunt:<\/p>\n<p>1. Dezvoltarea activitatii de productie a cozilor de lemn pentru unelte (CAEN 1629) si diversificarea produselor oferite prin<br \/>fabricarea de peleti din lemn din resturile lemnoase generate in urma activitatii.<br \/>2. Obtinerea de finantare nerambursabila pentru a se putea asigura o dezvoltare sustenabila si competitiva a societatii in<br \/>mediul concurential international in care aceasta isi desfasoara activitatea.<br \/>3. Realizarea unei cifre de afaceri de min 5.800.000 RON\/an in anul 3 dupa implementare proiectului de investitii.<br \/>Rezultatele proiectului sunt: achizitia de utilaje si pachete software specifice activitatilor desfasurate de catre companie in<br \/>conformitate cu codificarea CAEN &#8211; 1629 \u2013 Fabricarea altor produse din lemn; fabricarea articolelor din pluta, paie si din alte<br \/>materiale vegetale impletite.<\/p>\n<p>Impactul proiectului la nivelul Municipiului Salonta, Jude\u021bul Bihor, Regiunea Nord-Vest este: crearea si men\u021binerea de noi locuri de<br \/>munca care sa dezvolte si sa extind\u0103 capacitatea de produc\u021bie a societ\u0103\u021bii, reu\u0219indu-se crearea de noi locuri de munca inclusiv pentru<br \/>persoane din categorii defavorizate precum si sa automatizeze principalele procese tehnologice care sa duca la cre\u0219terea cifrei de<br \/>afaceri.<br \/>Detalii suplimentare pute\u0163i ob\u0163ine de la:<br \/>Nume persoan\u0103 contact: Adrian Dumitru Caciora<br \/>Func\u0163ie: Administrator<br \/>Tel. 0744 607 891, e-mail: office@adidac.ro<br \/>Pentru informa\u0163ii detaliate despre celelalte programe cofinan\u0163ate de Uniunea European\u0103, v\u0103 invit\u0103m s\u0103 vizita\u0163i\u00a0 <a style=\"color:blue\" href=\"https:\/\/www.fonduri-ue.ro\" target=\"blank\">www.fonduri-ue.ro<\/a>, <a style=\"color:blue\" href=\"https:\/\/www.inforegio.ro\" target=\"blank\">www.inforegio.ro<\/a> respectiv <a style=\"color:blue\" href=\"https:\/\/www.facebook.com\/inforegio.ro\" traget=\"blank\">www.facebook.com\/inforegio.ro<\/a> .<\/p>\n<\/div>\n<\/div>\n<div>SC ADIDAC COMIMPEX SRL<\/div>\n<hr>\n<div>Investim \u00een viitorul t\u0103u! Proiect cofinan\u0163at din Fondul European<br \/>\nde Dezvoltare Regional\u0103 prin Programul Opera\u0163ional Regional 2014-2020<\/div>\n<hr>\n<p><img decoding=\"async\" src=\"\/wp-content\/uploads\/2022\/09\/1.png\" alt=\"\"><\/p>\n<ul>\n<li>\n<p>www.inforegio.ro<\/p>\n<p><a href=\"https:\/\/www.inforegio.ro\">www.inforegio.ro<\/a><\/p>\n<\/li>\n<li>\n<p>www.facebook.com\/inforegio.ro<\/p>\n<p><a href=\"https:\/\/www.facebook.com\/inforegio.ro\">www.facebook.com\/inforegio.ro<\/a><\/p>\n<\/li>\n<\/ul>\n<div>Con\u021binutul acestui material nu reprezint\u0103 \u00een mod obligatoriu pozi\u021bia oficial\u0103 a Uniunii Europene sau a Guvernului Rom\u00e2niei<\/div>\n<p><!--more--><br \/>\n<!-- {\"name\":\"Contact\",\"type\":\"layout\",\"children\":[{\"name\":\"Image\",\"type\":\"section\",\"props\":{\"width\":\"default\",\"style\":\"default\",\"height_viewport\":false,\"text_color\":\"light\",\"image_size\":\"cover\",\"preserve_color\":false,\"image_position\":\"center-center\",\"image\":\"\",\"image_fixed\":true,\"css\":\".el-section > [class*='uk-background-'] { min-height: 40vh; }\",\"vertical_align\":\"middle\",\"title_position\":\"top-left\",\"title_rotation\":\"left\",\"title_breakpoint\":\"xl\",\"image_width\":\"2560\",\"image_effect\":\"fixed\"},\"children\":[{\"name\":\"\",\"type\":\"row\",\"children\":[{\"name\":\"\",\"type\":\"column\",\"props\":{\"image_position\":\"center-center\",\"media_overlay_gradient\":\"\",\"width_medium\":\"1-1\",\"position_sticky_breakpoint\":\"m\"},\"children\":[{\"type\":\"headline\",\"props\":{\"title_element\":\"h3\",\"content\":\"Descrierea proiectului \\u201eDEZVOLTAREA ACTIVITATII SC ADIDAC COMIMPEX SRL PRIN DOTAREA CU UTILAJE SI ECHIPAMENTE\\u201d\",\"title_color\":\"primary\",\"text_align\":\"center\"}}]}]}]},{\"type\":\"section\",\"props\":{\"style\":\"default\",\"width\":\"default\",\"vertical_align\":\"middle\",\"title_position\":\"top-left\",\"title_rotation\":\"left\",\"title_breakpoint\":\"xl\",\"image_position\":\"center-center\"},\"children\":[{\"type\":\"row\",\"children\":[{\"type\":\"column\",\"props\":{\"position_sticky_breakpoint\":\"m\",\"image_position\":\"center-center\",\"media_overlay_gradient\":\"\"},\"children\":[{\"type\":\"image\",\"props\":{\"margin\":\"default\",\"image_svg_color\":\"emphasis\",\"image\":\"wp-content\\\/uploads\\\/2022\\\/09\\\/Descrirere_Proiect_adidac_logo.jpg\",\"text_align\":\"center\"}}]}]}]},{\"type\":\"section\",\"props\":{\"style\":\"default\",\"width\":\"default\",\"vertical_align\":\"middle\",\"title_position\":\"top-left\",\"title_rotation\":\"left\",\"title_breakpoint\":\"xl\",\"image_position\":\"center-center\",\"padding\":\"none\"},\"children\":[{\"type\":\"row\",\"children\":[{\"type\":\"column\",\"props\":{\"position_sticky_breakpoint\":\"m\",\"image_position\":\"center-center\",\"media_overlay_gradient\":\"\"},\"children\":[{\"type\":\"text\",\"props\":{\"margin\":\"default\",\"column_breakpoint\":\"m\",\"content\":\"\n\n<div class=\\\"uk-text-justify\\\">\\n\n\n<p >SC ADIDAC COMIMPEX SRL, cu sediul \\u00een Municipiul Salonta, Str. Gheorghe Baritiu, nr. 15A, Judetul Bihor, Romania, a derulat,<br \\\/>\\u00eencep\\u00e2nd cu data de 01.02.2017 si av\\u00e2nd ca termen de finalizare data de 31.01.2020 (o perioada de implementare a proiectului de<br \\\/>36 luni), proiectul \\u201eDEZVOLTAREA ACTIVITATII SC ADIDAC COMIMPEX SRL PRIN DOTAREA CU UTILAJE SI ECHIPAMENTE\\u201d, cod SMIS<br \\\/>112593, cofinan\\u021bat prin Fondul European de Dezvoltare Regional\\u0103, \\u00een baza contractului de finan\\u021bare nr. 1590 \\\/ 21.03.2018.<br \\\/>Proiectul este finan\\u021bat prin Regio - Programul Opera\\u0163ional Regional 2014-2020, Axa prioritar\\u0103 2 \\u201eImbunatatirea competitivitatii<br \\\/>intreprinderilor mici si mijlocii\\u201d, Prioritatea de investitii 2.2 - \\u201eSprijinirea crearii si extinderea capacitatilor avansate de productie si<br \\\/>dezvoltarea serviciilor\\u201d.<br \\\/>Autoritatea de Management: Ministerul Dezvolt\\u0103rii, Lucr\\u0103rilor Publice \\u0219i Administra\\u021biei.<br \\\/>Organismul Intermediar: Agen\\u021bia de Dezvoltare Regional\\u0103 Nord-Vest.<br \\\/>Valoarea total\\u0103 a proiectului este de 2.023.695,32 lei, din care asisten\\u021ba financiar\\u0103 nerambursabil\\u0103 este de 1.030.175,52 lei din care<br \\\/>valoare eligibila nerambursabila din FEDR este 875.649,19 lei iar valoare eligibila nerambursabila din bugetul na\\u021bional este<br \\\/>154.526,33 lei.<br \\\/>Obiectivul general al proiectului (scopul proiectului) este acela de a creste competitivitatea societ\\u0103\\u021bii prin achizi\\u021bia de utilaje noi si<br \\\/>moderne precum si a unor pachete software specializate.<br \\\/>Obiectivele specifice ale proiectului sunt:<br \\\/><br\\\/>1. Dezvoltarea activitatii de productie a cozilor de lemn pentru unelte (CAEN 1629) si diversificarea produselor oferite prin<br \\\/>fabricarea de peleti din lemn din resturile lemnoase generate in urma activitatii.<br \\\/>2. Obtinerea de finantare nerambursabila pentru a se putea asigura o dezvoltare sustenabila si competitiva a societatii in<br \\\/>mediul concurential international in care aceasta isi desfasoara activitatea.<br \\\/>3. Realizarea unei cifre de afaceri de min 5.800.000 RON\\\/an in anul 3 dupa implementare proiectului de investitii.<br \\\/>Rezultatele proiectului sunt: achizitia de utilaje si pachete software specifice activitatilor desfasurate de catre companie in<br \\\/>conformitate cu codificarea CAEN - 1629 \\u2013 Fabricarea altor produse din lemn; fabricarea articolelor din pluta, paie si din alte<br \\\/>materiale vegetale impletite.<br \\\/><br \\\/>Impactul proiectului la nivelul Municipiului Salonta, Jude\\u021bul Bihor, Regiunea Nord-Vest este: crearea si men\\u021binerea de noi locuri de<br \\\/>munca care sa dezvolte si sa extind\\u0103 capacitatea de produc\\u021bie a societ\\u0103\\u021bii, reu\\u0219indu-se crearea de noi locuri de munca inclusiv pentru<br \\\/>persoane din categorii defavorizate precum si sa automatizeze principalele procese tehnologice care sa duca la cre\\u0219terea cifrei de<br \\\/>afaceri.<br \\\/>Detalii suplimentare pute\\u0163i ob\\u0163ine de la:<br \\\/>Nume persoan\\u0103 contact: Adrian Dumitru Caciora<br \\\/>Func\\u0163ie: Administrator<br \\\/>Tel. 0744 607 891, e-mail: office@adidac.ro<br \\\/>Pentru informa\\u0163ii detaliate despre celelalte programe cofinan\\u0163ate de Uniunea European\\u0103, v\\u0103 invit\\u0103m s\\u0103 vizita\\u0163i\\u00a0 <a style=\\\"color:blue\\\" href=\\\"https:\\\/\\\/www.fonduri-ue.ro\\\" target=\\\"blank\\\">www.fonduri-ue.ro<\\\/a>, <a style=\\\"color:blue\\\" href=\\\"https:\\\/\\\/www.inforegio.ro\\\" target=\\\"blank\\\">www.inforegio.ro<\\\/a> respectiv <a style=\\\"color:blue\\\" href=\\\"https:\\\/\\\/www.facebook.com\\\/inforegio.ro\\\" traget=\\\"blank\\\">www.facebook.com\\\/inforegio.ro<\\\/a> .<\\\/p>\\n<\\\/div>\",\"text_align\":\"justify\",\"dropcap\":false,\"text_style\":\"lead\"}},{\"type\":\"text\",\"props\":{\"margin\":\"default\",\"column_breakpoint\":\"m\",\"content\":\"SC ADIDAC COMIMPEX SRL\",\"text_align\":\"center\",\"text_size\":\"large\"}},{\"type\":\"divider\",\"props\":{\"divider_element\":\"hr\"}},{\"type\":\"text\",\"props\":{\"margin\":\"default\",\"column_breakpoint\":\"m\",\"content\":\"Investim \\u00een viitorul t\\u0103u! Proiect cofinan\\u0163at din Fondul European\\nde Dezvoltare Regional\\u0103 prin Programul Opera\\u0163ional Regional 2014-2020\",\"text_align\":\"center\",\"text_size\":\"large\"}},{\"type\":\"divider\",\"props\":{\"divider_element\":\"hr\"}},{\"type\":\"image\",\"props\":{\"margin\":\"default\",\"image_svg_color\":\"emphasis\",\"image\":\"wp-content\\\/uploads\\\/2022\\\/09\\\/1.png\"}},{\"type\":\"grid\",\"props\":{\"show_title\":false,\"show_meta\":false,\"show_content\":false,\"show_image\":false,\"show_link\":true,\"grid_default\":\"2\",\"grid_medium\":\"2\",\"filter_style\":\"tab\",\"filter_all\":true,\"filter_position\":\"top\",\"filter_align\":\"left\",\"filter_grid_width\":\"auto\",\"filter_grid_breakpoint\":\"m\",\"title_hover_style\":\"reset\",\"title_element\":\"h3\",\"title_align\":\"top\",\"title_grid_width\":\"1-2\",\"title_grid_breakpoint\":\"m\",\"meta_style\":\"meta\",\"meta_align\":\"below-title\",\"meta_element\":\"div\",\"content_column_breakpoint\":\"m\",\"icon_width\":80,\"image_align\":\"top\",\"image_grid_width\":\"1-2\",\"image_grid_breakpoint\":\"m\",\"image_svg_color\":\"emphasis\",\"link_text\":\"Read more\",\"link_style\":\"default\",\"margin\":\"default\",\"item_animation\":true,\"grid_divider\":true,\"grid_column_align\":true,\"grid_row_align\":true,\"link_fullwidth\":true},\"children\":[{\"type\":\"grid_item\",\"props\":{\"title\":\"\",\"link\":\"https:\\\/\\\/www.inforegio.ro\",\"meta\":\"www.inforegio.ro\",\"image\":\"\",\"link_text\":\"www.inforegio.ro\"}},{\"type\":\"grid_item\",\"props\":{\"title\":\"\",\"link\":\"https:\\\/\\\/www.facebook.com\\\/inforegio.ro\",\"meta\":\"www.facebook.com\\\/inforegio.ro\",\"link_text\":\"www.facebook.com\\\/inforegio.ro\"}}]},{\"type\":\"text\",\"props\":{\"margin\":\"default\",\"column_breakpoint\":\"m\",\"content\":\"Con\\u021binutul acestui material nu reprezint\\u0103 \\u00een mod obligatoriu pozi\\u021bia oficial\\u0103 a Uniunii Europene sau a Guvernului Rom\\u00e2niei\",\"text_align\":\"center\",\"text_size\":\"large\"}}]}]}]}],\"version\":\"2.7.22\"} --><\/p>","protected":false},"excerpt":{"rendered":"<p>Descrierea proiectului \u201eDEZVOLTAREA ACTIVITATII SC ADIDAC COMIMPEX SRL PRIN DOTAREA CU UTILAJE SI ECHIPAMENTE\u201d SC ADIDAC COMIMPEX SRL, cu sediul \u00een Municipiul Salonta, Str. Gheorghe Baritiu, nr. 15A, Judetul Bihor, Romania, a derulat,\u00eencep\u00e2nd cu data de 01.02.2017 si av\u00e2nd ca termen de finalizare data de 31.01.2020 (o perioada de implementare a proiectului de36 luni), proiectul [&hellip;]<\/p>","protected":false},"author":2,"featured_media":0,"parent":0,"menu_order":0,"comment_status":"closed","ping_status":"closed","template":"","meta":{"_acf_changed":false,"footnotes":""},"class_list":["post-2159","page","type-page","status-publish","hentry"],"acf":[],"yoast_head":"<!-- This site is optimized with the Yoast SEO plugin v22.8 - https:\/\/yoast.com\/wordpress\/plugins\/seo\/ -->\n<title>Anun\u021b Proiect | ADIDAC<\/title>\n<meta name=\"robots\" content=\"index, follow, max-snippet:-1, max-image-preview:large, max-video-preview:-1\" \/>\n<link rel=\"canonical\" href=\"https:\/\/adidac.ro\/en\/anunt-proiect\/\" \/>\n<meta property=\"og:locale\" content=\"en_US\" \/>\n<meta property=\"og:type\" content=\"article\" \/>\n<meta property=\"og:title\" content=\"Anun\u021b Proiect | ADIDAC\" \/>\n<meta property=\"og:description\" content=\"Descrierea proiectului \u201eDEZVOLTAREA ACTIVITATII SC ADIDAC COMIMPEX SRL PRIN DOTAREA CU UTILAJE SI ECHIPAMENTE\u201d SC ADIDAC COMIMPEX SRL, cu sediul \u00een Municipiul Salonta, Str. Gheorghe Baritiu, nr. 15A, Judetul Bihor, Romania, a derulat,\u00eencep\u00e2nd cu data de 01.02.2017 si av\u00e2nd ca termen de finalizare data de 31.01.2020 (o perioada de implementare a proiectului de36 luni), proiectul [&hellip;]\" \/>\n<meta property=\"og:url\" content=\"https:\/\/adidac.ro\/en\/anunt-proiect\/\" \/>\n<meta property=\"og:site_name\" content=\"ADIDAC\" \/>\n<meta property=\"article:modified_time\" content=\"2022-09-02T12:17:08+00:00\" \/>\n<meta name=\"twitter:card\" content=\"summary_large_image\" \/>\n<meta name=\"twitter:label1\" content=\"Est. reading time\" \/>\n\t<meta name=\"twitter:data1\" content=\"2 minutes\" \/>\n<script type=\"application\/ld+json\" class=\"yoast-schema-graph\">{\"@context\":\"https:\/\/schema.org\",\"@graph\":[{\"@type\":\"WebPage\",\"@id\":\"https:\/\/adidac.ro\/anunt-proiect\/\",\"url\":\"https:\/\/adidac.ro\/anunt-proiect\/\",\"name\":\"Anun\u021b Proiect | ADIDAC\",\"isPartOf\":{\"@id\":\"https:\/\/adidac.ro\/#website\"},\"datePublished\":\"2022-09-02T10:09:31+00:00\",\"dateModified\":\"2022-09-02T12:17:08+00:00\",\"breadcrumb\":{\"@id\":\"https:\/\/adidac.ro\/anunt-proiect\/#breadcrumb\"},\"inLanguage\":\"en-US\",\"potentialAction\":[{\"@type\":\"ReadAction\",\"target\":[\"https:\/\/adidac.ro\/anunt-proiect\/\"]}]},{\"@type\":\"BreadcrumbList\",\"@id\":\"https:\/\/adidac.ro\/anunt-proiect\/#breadcrumb\",\"itemListElement\":[{\"@type\":\"ListItem\",\"position\":1,\"name\":\"Home\",\"item\":\"https:\/\/adidac.ro\/\"},{\"@type\":\"ListItem\",\"position\":2,\"name\":\"Anun\u021b Proiect\"}]},{\"@type\":\"WebSite\",\"@id\":\"https:\/\/adidac.ro\/#website\",\"url\":\"https:\/\/adidac.ro\/\",\"name\":\"ADIDAC\",\"description\":\"M\u0103turi din sorg cu tradi\u021bie\",\"publisher\":{\"@id\":\"https:\/\/adidac.ro\/#organization\"},\"potentialAction\":[{\"@type\":\"SearchAction\",\"target\":{\"@type\":\"EntryPoint\",\"urlTemplate\":\"https:\/\/adidac.ro\/?s={search_term_string}\"},\"query-input\":\"required name=search_term_string\"}],\"inLanguage\":\"en-US\"},{\"@type\":\"Organization\",\"@id\":\"https:\/\/adidac.ro\/#organization\",\"name\":\"ADIDAC\",\"url\":\"https:\/\/adidac.ro\/\",\"logo\":{\"@type\":\"ImageObject\",\"inLanguage\":\"en-US\",\"@id\":\"https:\/\/adidac.ro\/#\/schema\/logo\/image\/\",\"url\":\"https:\/\/adidac.ro\/wp-content\/uploads\/2021\/12\/logo-adidac-web.svg\",\"contentUrl\":\"https:\/\/adidac.ro\/wp-content\/uploads\/2021\/12\/logo-adidac-web.svg\",\"width\":400,\"height\":105,\"caption\":\"ADIDAC\"},\"image\":{\"@id\":\"https:\/\/adidac.ro\/#\/schema\/logo\/image\/\"}}]}<\/script>\n<!-- \/ Yoast SEO plugin. -->","yoast_head_json":{"title":"Anun\u021b Proiect | ADIDAC","robots":{"index":"index","follow":"follow","max-snippet":"max-snippet:-1","max-image-preview":"max-image-preview:large","max-video-preview":"max-video-preview:-1"},"canonical":"https:\/\/adidac.ro\/en\/anunt-proiect\/","og_locale":"en_US","og_type":"article","og_title":"Anun\u021b Proiect | ADIDAC","og_description":"Descrierea proiectului \u201eDEZVOLTAREA ACTIVITATII SC ADIDAC COMIMPEX SRL PRIN DOTAREA CU UTILAJE SI ECHIPAMENTE\u201d SC ADIDAC COMIMPEX SRL, cu sediul \u00een Municipiul Salonta, Str. Gheorghe Baritiu, nr. 15A, Judetul Bihor, Romania, a derulat,\u00eencep\u00e2nd cu data de 01.02.2017 si av\u00e2nd ca termen de finalizare data de 31.01.2020 (o perioada de implementare a proiectului de36 luni), proiectul [&hellip;]","og_url":"https:\/\/adidac.ro\/en\/anunt-proiect\/","og_site_name":"ADIDAC","article_modified_time":"2022-09-02T12:17:08+00:00","twitter_card":"summary_large_image","twitter_misc":{"Est. reading time":"2 minutes"},"schema":{"@context":"https:\/\/schema.org","@graph":[{"@type":"WebPage","@id":"https:\/\/adidac.ro\/anunt-proiect\/","url":"https:\/\/adidac.ro\/anunt-proiect\/","name":"Anun\u021b Proiect | ADIDAC","isPartOf":{"@id":"https:\/\/adidac.ro\/#website"},"datePublished":"2022-09-02T10:09:31+00:00","dateModified":"2022-09-02T12:17:08+00:00","breadcrumb":{"@id":"https:\/\/adidac.ro\/anunt-proiect\/#breadcrumb"},"inLanguage":"en-US","potentialAction":[{"@type":"ReadAction","target":["https:\/\/adidac.ro\/anunt-proiect\/"]}]},{"@type":"BreadcrumbList","@id":"https:\/\/adidac.ro\/anunt-proiect\/#breadcrumb","itemListElement":[{"@type":"ListItem","position":1,"name":"Home","item":"https:\/\/adidac.ro\/"},{"@type":"ListItem","position":2,"name":"Anun\u021b Proiect"}]},{"@type":"WebSite","@id":"https:\/\/adidac.ro\/#website","url":"https:\/\/adidac.ro\/","name":"ADIDAC","description":"M\u0103turi din sorg cu tradi\u021bie","publisher":{"@id":"https:\/\/adidac.ro\/#organization"},"potentialAction":[{"@type":"SearchAction","target":{"@type":"EntryPoint","urlTemplate":"https:\/\/adidac.ro\/?s={search_term_string}"},"query-input":"required name=search_term_string"}],"inLanguage":"en-US"},{"@type":"Organization","@id":"https:\/\/adidac.ro\/#organization","name":"ADIDAC","url":"https:\/\/adidac.ro\/","logo":{"@type":"ImageObject","inLanguage":"en-US","@id":"https:\/\/adidac.ro\/#\/schema\/logo\/image\/","url":"https:\/\/adidac.ro\/wp-content\/uploads\/2021\/12\/logo-adidac-web.svg","contentUrl":"https:\/\/adidac.ro\/wp-content\/uploads\/2021\/12\/logo-adidac-web.svg","width":400,"height":105,"caption":"ADIDAC"},"image":{"@id":"https:\/\/adidac.ro\/#\/schema\/logo\/image\/"}}]}},"jetpack_sharing_enabled":true,"_links":{"self":[{"href":"https:\/\/adidac.ro\/en\/wp-json\/wp\/v2\/pages\/2159","targetHints":{"allow":["GET"]}}],"collection":[{"href":"https:\/\/adidac.ro\/en\/wp-json\/wp\/v2\/pages"}],"about":[{"href":"https:\/\/adidac.ro\/en\/wp-json\/wp\/v2\/types\/page"}],"author":[{"embeddable":true,"href":"https:\/\/adidac.ro\/en\/wp-json\/wp\/v2\/users\/2"}],"replies":[{"embeddable":true,"href":"https:\/\/adidac.ro\/en\/wp-json\/wp\/v2\/comments?post=2159"}],"version-history":[{"count":22,"href":"https:\/\/adidac.ro\/en\/wp-json\/wp\/v2\/pages\/2159\/revisions"}],"predecessor-version":[{"id":2190,"href":"https:\/\/adidac.ro\/en\/wp-json\/wp\/v2\/pages\/2159\/revisions\/2190"}],"wp:attachment":[{"href":"https:\/\/adidac.ro\/en\/wp-json\/wp\/v2\/media?parent=2159"}],"curies":[{"name":"wp","href":"https:\/\/api.w.org\/{rel}","templated":true}]}}