{"id":2056,"date":"2022-03-31T16:35:45","date_gmt":"2022-03-31T13:35:45","guid":{"rendered":"https:\/\/adidac.ro\/?page_id=2056"},"modified":"2024-03-25T17:41:16","modified_gmt":"2024-03-25T14:41:16","slug":"cataloage","status":"publish","type":"page","link":"https:\/\/adidac.ro\/en\/cataloage\/","title":{"rendered":"Catalogs"},"content":{"rendered":"<p><img decoding=\"async\" src=\"\/wp-content\/uploads\/2021\/12\/matura-adidac.svg\" alt=\"\"><\/p>\n<div>\n<p>We have chosen to present you some representative images from <strong>our factory in Salonta,<\/strong> Bihor County. The factory that has the largest <strong>production of sorghum brooms on the European market.<\/strong><\/p>\n<\/div>\n<ul>\n<li>\n<p>        <img decoding=\"async\" src=\"\/wp-content\/uploads\/2022\/04\/01.png\" alt=\"Logo Adidac\"><\/p>\n<h3>Catalog<\/h3>\n<p>Romanian language version<\/p>\n<div>\n<p>Catalog cu gama de articole din categoria cas\u0103 \u0219i gradin\u0103<\/p>\n<\/div>\n<p><a href=\"\/wp-content\/uploads\/2022\/04\/Catalog-Articole-Primavara-02.pdf\"><span uk-icon=\"icon: file-pdf\"><\/span> Download the catalog<\/a><\/p>\n<\/li>\n<li>\n<p>        <img decoding=\"async\" src=\"\/wp-content\/uploads\/2022\/04\/02002-1.webp\" alt=\"Matura Gianinna\"><\/p>\n<h3>Catalog de prezentare m\u0103turi<\/h3>\n<p>Romanian language version<\/p>\n<div>Adidac offers the largest production of sorghum brooms on the European market<\/div>\n<p><a href=\"\/wp-content\/uploads\/2024\/03\/Catalog-prezentare-maturi-Adidac.pdf\"><span uk-icon=\"icon: file-pdf\"><\/span> Download the catalog<\/a><\/p>\n<\/li>\n<li>\n<p>        <img decoding=\"async\" src=\"\/wp-content\/uploads\/2022\/04\/0633364564.webp\" alt=\"Catalog de prezentare cozi\"><\/p>\n<h3>Catalog de prezentare cozi<\/h3>\n<p>English version<\/p>\n<div>V\u0103 oferim o gam\u0103 diversificat\u0103 de cozi de matur\u0103 \u0219i alte materiale adiacente.<\/div>\n<p><a href=\"\/wp-content\/uploads\/2024\/03\/Catalog-prezentare-maturi-Adidac-en.pdf\"><span uk-icon=\"icon: file-pdf\"><\/span> Download the catalog<\/a><\/p>\n<\/li>\n<\/ul>\n<p><!--more--><br \/>\n<!-- {\"name\":\"Galerie Foto\",\"type\":\"layout\",\"children\":[{\"type\":\"section\",\"props\":{\"style\":\"default\",\"width\":\"\",\"vertical_align\":\"middle\",\"title_position\":\"top-left\",\"title_rotation\":\"left\",\"title_breakpoint\":\"xl\",\"image_position\":\"top-center\",\"padding_remove_bottom\":false,\"animation\":\"fade\",\"image\":\"wp-content\\\/uploads\\\/2021\\\/12\\\/adidac-5251.jpg\",\"image_size\":\"width-1-1\",\"image_effect\":\"parallax\",\"header_transparent_noplaceholder\":true,\"image_parallax_bgx_start\":\"-\",\"image_parallax_bgy_start\":\"-140\",\"image_parallax_bgy_end\":\"150\"},\"children\":[{\"type\":\"row\",\"props\":{\"class\":\"\",\"margin\":\"remove-vertical\"},\"children\":[{\"type\":\"column\",\"props\":{\"image_position\":\"center-center\",\"media_overlay_gradient\":\"\",\"position_sticky_breakpoint\":\"m\"},\"children\":[{\"type\":\"image\",\"props\":{\"margin\":\"medium\",\"image_svg_color\":\"emphasis\",\"image\":\"wp-content\\\/uploads\\\/2021\\\/12\\\/matura-adidac.svg\",\"text_align\":\"right\",\"block_align\":\"right\",\"position\":\"relative\",\"position_right\":\"20\",\"position_top\":\"40\"}}]}]}],\"name\":\"Hero\",\"modified\":\"2021-12-03T15:01:47.582Z\"},{\"name\":\"Gallery\",\"type\":\"section\",\"props\":{\"style\":\"default\",\"width\":\"default\",\"image_position\":\"center-center\",\"animation\":\"fade\",\"vertical_align\":\"middle\",\"title_position\":\"top-left\",\"title_rotation\":\"left\",\"title_breakpoint\":\"xl\",\"padding_remove_top\":false},\"children\":[{\"name\":\"\",\"type\":\"row\",\"children\":[{\"name\":\"\",\"type\":\"column\",\"props\":{\"image_position\":\"center-center\",\"media_overlay_gradient\":\"\",\"width_medium\":\"1-1\",\"position_sticky_breakpoint\":\"m\"},\"children\":[{\"name\":\"\",\"type\":\"headline\",\"props\":{\"title_element\":\"h1\",\"title_style\":\"h2\"},\"source\":{\"query\":{\"name\":\"pages.singlePage\"},\"props\":{\"content\":{\"filters\":{\"search\":\"\"},\"name\":\"title\"}}}},{\"name\":\"\",\"type\":\"text\",\"props\":{\"column_breakpoint\":\"m\",\"margin\":\"default\",\"content\":\"\n\n<p>Noi am ales s\\u0103 \\u00ee\\u021bi prezent\\u0103m c\\u00e2teva imagini reprezentative de la <strong>fabrica noastr\\u0103 din Salonta,<\\\/strong> jud. Bihor. Fabric\\u0103 care are cea mai mare <strong>produc\\u021bie de m\\u0103turi din sorg de pe pia\\u021ba European\\u0103.<\\\/strong><\\\/p>\",\"maxwidth\":\"2xlarge\"}},{\"name\":\"Cataloage\",\"type\":\"grid\",\"children\":[{\"type\":\"grid_item\",\"props\":{\"source\":\"\",\"title\":\"Catalog\",\"image\":\"wp-content\\\/uploads\\\/2022\\\/04\\\/01.png\",\"meta\":\"Versiune limba rom\\u00e2n\\u0103\",\"content\":\"\n\n<p>Catalog cu gama de articole din categoria cas\\u0103 \\u0219i gradin\\u0103<\\\/p>\",\"link\":\"wp-content\\\/uploads\\\/2022\\\/04\\\/Catalog-Articole-Primavara-02.pdf\",\"image_alt\":\"Logo Adidac\"}},{\"type\":\"grid_item\",\"props\":{\"source\":\"\",\"title\":\"Catalog de prezentare m\\u0103turi\",\"image\":\"wp-content\\\/uploads\\\/2022\\\/04\\\/02002-1.webp\",\"meta\":\"Versiune limba rom\\u00e2n\\u0103\",\"content\":\"Adidac ofer\\u0103 cea mai mare produc\\u021bie de m\\u0103turi din sorg de pe pia\\u021ba European\\u0103\",\"link\":\"wp-content\\\/uploads\\\/2024\\\/03\\\/Catalog-prezentare-maturi-Adidac.pdf\",\"image_alt\":\"Matura Gianinna\"}},{\"type\":\"grid_item\",\"props\":{\"source\":\"\",\"title\":\"Catalog de prezentare cozi\",\"image\":\"wp-content\\\/uploads\\\/2022\\\/04\\\/0633364564.webp\",\"meta\":\"English version\",\"content\":\"V\\u0103 oferim o gam\\u0103 diversificat\\u0103 de cozi de matur\\u0103 \\u0219i alte materiale adiacente.\",\"link\":\"wp-content\\\/uploads\\\/2024\\\/03\\\/Catalog-prezentare-maturi-Adidac-en.pdf\",\"image_alt\":\"Catalog de prezentare cozi\"}}],\"props\":{\"show_title\":true,\"show_meta\":true,\"show_content\":true,\"show_image\":true,\"show_link\":true,\"grid_default\":\"1\",\"grid_medium\":\"3\",\"filter_style\":\"tab\",\"filter_all\":true,\"filter_position\":\"top\",\"filter_align\":\"left\",\"filter_grid_width\":\"auto\",\"filter_grid_breakpoint\":\"m\",\"title_hover_style\":\"reset\",\"title_element\":\"h3\",\"title_align\":\"top\",\"title_grid_width\":\"1-2\",\"title_grid_breakpoint\":\"m\",\"meta_style\":\"meta\",\"meta_align\":\"below-title\",\"image_align\":\"top\",\"image_grid_width\":\"1-2\",\"image_grid_breakpoint\":\"m\",\"image_svg_color\":\"emphasis\",\"link_text\":\"<span uk-icon=\\\"icon: file-pdf\\\"><\\\/span> Descarc\\u0103 catalogul\",\"link_style\":\"primary\",\"margin\":\"default\",\"item_animation\":true,\"grid_small\":\"2\",\"panel_link\":true,\"image_width\":\"610\",\"icon_width\":80,\"meta_element\":\"div\",\"content_column_breakpoint\":\"m\",\"grid_row_gap\":\"collapse\",\"link_margin\":\"medium\",\"meta_margin\":\"remove\",\"image_transition\":\"scale-up\",\"panel_padding\":\"default\",\"grid_column_align\":true,\"grid_row_align\":false,\"link_target\":true,\"title_style\":\"h6\",\"title_link\":false,\"image_border\":\"circle\",\"panel_style\":\"card-default\",\"content_margin\":\"small\",\"link_fullwidth\":true}}]}]}]}],\"version\":\"2.7.22\"} --><\/p>","protected":false},"excerpt":{"rendered":"<p>Noi am ales s\u0103 \u00ee\u021bi prezent\u0103m c\u00e2teva imagini reprezentative de la fabrica noastr\u0103 din Salonta, jud. Bihor. Fabric\u0103 care are cea mai mare produc\u021bie de m\u0103turi din sorg de pe pia\u021ba European\u0103. Catalog Versiune limba rom\u00e2n\u0103 Catalog cu gama de articole din categoria cas\u0103 \u0219i gradin\u0103 Descarc\u0103 catalogul Catalog de prezentare m\u0103turi Versiune limba rom\u00e2n\u0103 [&hellip;]<\/p>","protected":false},"author":1,"featured_media":0,"parent":0,"menu_order":0,"comment_status":"closed","ping_status":"closed","template":"","meta":{"_acf_changed":false,"footnotes":""},"class_list":["post-2056","page","type-page","status-publish","hentry"],"acf":[],"yoast_head":"<!-- This site is optimized with the Yoast SEO plugin v22.8 - https:\/\/yoast.com\/wordpress\/plugins\/seo\/ -->\n<title>Cataloage | ADIDAC<\/title>\n<meta name=\"robots\" content=\"index, follow, max-snippet:-1, max-image-preview:large, max-video-preview:-1\" \/>\n<link rel=\"canonical\" href=\"https:\/\/adidac.ro\/en\/cataloage\/\" \/>\n<meta property=\"og:locale\" content=\"en_US\" \/>\n<meta property=\"og:type\" content=\"article\" \/>\n<meta property=\"og:title\" content=\"Cataloage | ADIDAC\" \/>\n<meta property=\"og:description\" content=\"Noi am ales s\u0103 \u00ee\u021bi prezent\u0103m c\u00e2teva imagini reprezentative de la fabrica noastr\u0103 din Salonta, jud. Bihor. Fabric\u0103 care are cea mai mare produc\u021bie de m\u0103turi din sorg de pe pia\u021ba European\u0103. Catalog Versiune limba rom\u00e2n\u0103 Catalog cu gama de articole din categoria cas\u0103 \u0219i gradin\u0103 Descarc\u0103 catalogul Catalog de prezentare m\u0103turi Versiune limba rom\u00e2n\u0103 [&hellip;]\" \/>\n<meta property=\"og:url\" content=\"https:\/\/adidac.ro\/en\/cataloage\/\" \/>\n<meta property=\"og:site_name\" content=\"ADIDAC\" \/>\n<meta property=\"article:modified_time\" content=\"2024-03-25T14:41:16+00:00\" \/>\n<meta name=\"twitter:card\" content=\"summary_large_image\" \/>\n<script type=\"application\/ld+json\" class=\"yoast-schema-graph\">{\"@context\":\"https:\/\/schema.org\",\"@graph\":[{\"@type\":\"WebPage\",\"@id\":\"https:\/\/adidac.ro\/cataloage\/\",\"url\":\"https:\/\/adidac.ro\/cataloage\/\",\"name\":\"Cataloage | ADIDAC\",\"isPartOf\":{\"@id\":\"https:\/\/adidac.ro\/#website\"},\"datePublished\":\"2022-03-31T13:35:45+00:00\",\"dateModified\":\"2024-03-25T14:41:16+00:00\",\"breadcrumb\":{\"@id\":\"https:\/\/adidac.ro\/cataloage\/#breadcrumb\"},\"inLanguage\":\"en-US\",\"potentialAction\":[{\"@type\":\"ReadAction\",\"target\":[\"https:\/\/adidac.ro\/cataloage\/\"]}]},{\"@type\":\"BreadcrumbList\",\"@id\":\"https:\/\/adidac.ro\/cataloage\/#breadcrumb\",\"itemListElement\":[{\"@type\":\"ListItem\",\"position\":1,\"name\":\"Home\",\"item\":\"https:\/\/adidac.ro\/\"},{\"@type\":\"ListItem\",\"position\":2,\"name\":\"Cataloage\"}]},{\"@type\":\"WebSite\",\"@id\":\"https:\/\/adidac.ro\/#website\",\"url\":\"https:\/\/adidac.ro\/\",\"name\":\"ADIDAC\",\"description\":\"M\u0103turi din sorg cu tradi\u021bie\",\"publisher\":{\"@id\":\"https:\/\/adidac.ro\/#organization\"},\"potentialAction\":[{\"@type\":\"SearchAction\",\"target\":{\"@type\":\"EntryPoint\",\"urlTemplate\":\"https:\/\/adidac.ro\/?s={search_term_string}\"},\"query-input\":\"required name=search_term_string\"}],\"inLanguage\":\"en-US\"},{\"@type\":\"Organization\",\"@id\":\"https:\/\/adidac.ro\/#organization\",\"name\":\"ADIDAC\",\"url\":\"https:\/\/adidac.ro\/\",\"logo\":{\"@type\":\"ImageObject\",\"inLanguage\":\"en-US\",\"@id\":\"https:\/\/adidac.ro\/#\/schema\/logo\/image\/\",\"url\":\"https:\/\/adidac.ro\/wp-content\/uploads\/2021\/12\/logo-adidac-web.svg\",\"contentUrl\":\"https:\/\/adidac.ro\/wp-content\/uploads\/2021\/12\/logo-adidac-web.svg\",\"width\":400,\"height\":105,\"caption\":\"ADIDAC\"},\"image\":{\"@id\":\"https:\/\/adidac.ro\/#\/schema\/logo\/image\/\"}}]}<\/script>\n<!-- \/ Yoast SEO plugin. -->","yoast_head_json":{"title":"Cataloage | ADIDAC","robots":{"index":"index","follow":"follow","max-snippet":"max-snippet:-1","max-image-preview":"max-image-preview:large","max-video-preview":"max-video-preview:-1"},"canonical":"https:\/\/adidac.ro\/en\/cataloage\/","og_locale":"en_US","og_type":"article","og_title":"Cataloage | ADIDAC","og_description":"Noi am ales s\u0103 \u00ee\u021bi prezent\u0103m c\u00e2teva imagini reprezentative de la fabrica noastr\u0103 din Salonta, jud. Bihor. Fabric\u0103 care are cea mai mare produc\u021bie de m\u0103turi din sorg de pe pia\u021ba European\u0103. Catalog Versiune limba rom\u00e2n\u0103 Catalog cu gama de articole din categoria cas\u0103 \u0219i gradin\u0103 Descarc\u0103 catalogul Catalog de prezentare m\u0103turi Versiune limba rom\u00e2n\u0103 [&hellip;]","og_url":"https:\/\/adidac.ro\/en\/cataloage\/","og_site_name":"ADIDAC","article_modified_time":"2024-03-25T14:41:16+00:00","twitter_card":"summary_large_image","schema":{"@context":"https:\/\/schema.org","@graph":[{"@type":"WebPage","@id":"https:\/\/adidac.ro\/cataloage\/","url":"https:\/\/adidac.ro\/cataloage\/","name":"Cataloage | ADIDAC","isPartOf":{"@id":"https:\/\/adidac.ro\/#website"},"datePublished":"2022-03-31T13:35:45+00:00","dateModified":"2024-03-25T14:41:16+00:00","breadcrumb":{"@id":"https:\/\/adidac.ro\/cataloage\/#breadcrumb"},"inLanguage":"en-US","potentialAction":[{"@type":"ReadAction","target":["https:\/\/adidac.ro\/cataloage\/"]}]},{"@type":"BreadcrumbList","@id":"https:\/\/adidac.ro\/cataloage\/#breadcrumb","itemListElement":[{"@type":"ListItem","position":1,"name":"Home","item":"https:\/\/adidac.ro\/"},{"@type":"ListItem","position":2,"name":"Cataloage"}]},{"@type":"WebSite","@id":"https:\/\/adidac.ro\/#website","url":"https:\/\/adidac.ro\/","name":"ADIDAC","description":"M\u0103turi din sorg cu tradi\u021bie","publisher":{"@id":"https:\/\/adidac.ro\/#organization"},"potentialAction":[{"@type":"SearchAction","target":{"@type":"EntryPoint","urlTemplate":"https:\/\/adidac.ro\/?s={search_term_string}"},"query-input":"required name=search_term_string"}],"inLanguage":"en-US"},{"@type":"Organization","@id":"https:\/\/adidac.ro\/#organization","name":"ADIDAC","url":"https:\/\/adidac.ro\/","logo":{"@type":"ImageObject","inLanguage":"en-US","@id":"https:\/\/adidac.ro\/#\/schema\/logo\/image\/","url":"https:\/\/adidac.ro\/wp-content\/uploads\/2021\/12\/logo-adidac-web.svg","contentUrl":"https:\/\/adidac.ro\/wp-content\/uploads\/2021\/12\/logo-adidac-web.svg","width":400,"height":105,"caption":"ADIDAC"},"image":{"@id":"https:\/\/adidac.ro\/#\/schema\/logo\/image\/"}}]}},"jetpack_sharing_enabled":true,"_links":{"self":[{"href":"https:\/\/adidac.ro\/en\/wp-json\/wp\/v2\/pages\/2056","targetHints":{"allow":["GET"]}}],"collection":[{"href":"https:\/\/adidac.ro\/en\/wp-json\/wp\/v2\/pages"}],"about":[{"href":"https:\/\/adidac.ro\/en\/wp-json\/wp\/v2\/types\/page"}],"author":[{"embeddable":true,"href":"https:\/\/adidac.ro\/en\/wp-json\/wp\/v2\/users\/1"}],"replies":[{"embeddable":true,"href":"https:\/\/adidac.ro\/en\/wp-json\/wp\/v2\/comments?post=2056"}],"version-history":[{"count":50,"href":"https:\/\/adidac.ro\/en\/wp-json\/wp\/v2\/pages\/2056\/revisions"}],"predecessor-version":[{"id":2212,"href":"https:\/\/adidac.ro\/en\/wp-json\/wp\/v2\/pages\/2056\/revisions\/2212"}],"wp:attachment":[{"href":"https:\/\/adidac.ro\/en\/wp-json\/wp\/v2\/media?parent=2056"}],"curies":[{"name":"wp","href":"https:\/\/api.w.org\/{rel}","templated":true}]}}