{"id":19,"date":"2020-11-17T14:31:01","date_gmt":"2020-11-17T11:31:01","guid":{"rendered":"https:\/\/zecehotare.ro\/?p=19"},"modified":"2022-02-11T18:44:53","modified_gmt":"2022-02-11T15:44:53","slug":"contact","status":"publish","type":"page","link":"https:\/\/adidac.ro\/en\/contact\/","title":{"rendered":"Contact"},"content":{"rendered":"<p><img decoding=\"async\" src=\"\/wp-content\/uploads\/2022\/02\/adidac-contact-wide.jpg\" alt=\"\"><\/p>\n<h2>Contact us<\/h2>\n<div>Gheorghe Baritiu street, nr. 15A<br \/>\nJudetul Bihor, Rom\u00e2nia<\/div>\n<ul>\n<li>\n<h3>Office<\/h3>\n<div><a class=\"uk-link-reset\" href=\"tel: 40259373226\">+40 259 373 226<\/a><\/div>\n<\/li>\n<li>\n<h3>Mobil<\/h3>\n<div><a class=\"uk-link-reset\" href=\"tel: 40 744607891\">+40 744 607 891<\/a><\/p>\n<p><a class=\"uk-link-reset\" href=\"tel: 40 744607891\">+40 748 193 641<\/a><\/div>\n<\/li>\n<li>\n<h3>Fax<\/h3>\n<div><a class=\"uk-link-reset\" href=\"tel: 40259373173\">+40 259 373 173<\/a><\/div>\n<\/li>\n<li>\n<h3>Email<\/h3>\n<div><a class=\"uk-link-reset\" href=\"mailto:office@adidac.ro\">office@adidac.ro<\/a><br \/>\n<a class=\"uk-link-reset\" href=\"mailto:trade@adidac.ro\">trade@adidac.ro<\/a><\/div>\n<\/li>\n<\/ul>\n<h2>Our program<\/h2>\n<div>\n<h3>Monday-Friday<\/h3>\n<div>08:00 &#8211; 16:00<\/div>\n<\/div>\n<div>\n<h3>Saturday and Sunday<\/h3>\n<div>closed<\/div>\n<\/div>\n<h2>Identification data<\/h2>\n<div>ADIDAC COMIMPEX SRL, \u00eenreg. la Oficiul Reg. Com.<br \/>\nJ05\/1783\/1994, CUI RO5731184<br \/>\nBRD \u2013 Groupe Soci\u00e9t\u00e9 G\u00e9n\u00e9rale \u2013 Salonta<br \/>\nIBAN ROBRDE050SV03028500500<\/div>\n<div>\n<p>46.8063,21.6723<\/p>\n<h3>ADIDAC COMIMPEX<\/h3>\n<div>\n<div>Gheorghe Baritiu street, nr. 15A<br \/>Judetul Bihor, Rom\u00e2nia<\/div>\n<p><a href=\"mailto:office@adidac.ro\">office@adidac.ro<\/a><br \/><a class=\"uk-link-reset\" href=\"tel: 40 748 193 641\">+40 748 193 641<\/a><\/p>\n<\/div>\n<\/div>\n<p><!--more--><br \/>\n<!-- {\"name\":\"Contact\",\"type\":\"layout\",\"children\":[{\"name\":\"Image\",\"type\":\"section\",\"props\":{\"width\":\"\",\"padding\":\"none\",\"style\":\"default\",\"height_viewport\":false,\"text_color\":\"light\",\"image_size\":\"cover\",\"preserve_color\":false,\"image_position\":\"top-center\",\"image\":\"\",\"image_fixed\":true,\"css\":\".el-section > [class*='uk-background-'] { min-height: 40vh; }\",\"vertical_align\":\"\",\"title_position\":\"top-left\",\"title_rotation\":\"left\",\"title_breakpoint\":\"xl\",\"image_effect\":\"parallax\",\"image_parallax_bgx_start\":\"-0\",\"image_parallax_bgy_start\":\"-250\",\"image_parallax_bgy_end\":\"-0\",\"header_transparent\":\"light\",\"padding_remove_bottom\":true,\"image_parallax_easing\":\"-0.3\",\"header_transparent_noplaceholder\":true,\"overlap\":true},\"children\":[{\"name\":\"\",\"type\":\"row\",\"children\":[{\"name\":\"\",\"type\":\"column\",\"props\":{\"image_position\":\"center-center\",\"media_overlay_gradient\":\"\",\"width_medium\":\"1-1\",\"position_sticky_breakpoint\":\"m\"},\"children\":[{\"type\":\"image\",\"props\":{\"image\":\"wp-content\\\/uploads\\\/2022\\\/02\\\/adidac-contact-wide.jpg\",\"margin\":\"remove-vertical\",\"visibility\":\"m\",\"image_svg_color\":\"emphasis\"}}]}]}]},{\"name\":\"Contact\",\"type\":\"section\",\"props\":{\"width\":\"default\",\"style\":\"default\",\"animation\":\"fade\",\"media\":\"images\\\/demo\\\/demo-image_01.jpg\",\"image_size\":\"cover\",\"image_position\":\"center-center\",\"padding_remove_bottom\":false,\"vertical_align\":\"middle\",\"title_position\":\"top-left\",\"title_rotation\":\"left\",\"title_breakpoint\":\"xl\"},\"children\":[{\"name\":\"\",\"type\":\"row\",\"props\":{\"layout\":\"1-3,1-3,1-3\",\"width\":\"default\",\"margin\":\"xlarge\",\"column_gap\":\"large\",\"row_gap\":\"large\"},\"children\":[{\"name\":\"\",\"type\":\"column\",\"props\":{\"image_position\":\"center-center\",\"media_overlay_gradient\":\"\",\"width_medium\":\"1-3\",\"position_sticky_breakpoint\":\"m\"},\"children\":[{\"name\":\"\",\"type\":\"headline\",\"props\":{\"title_element\":\"h2\",\"title_style\":\"h4\",\"content\":\"Contacteaz\\u0103-ne\",\"margin_remove_bottom\":true,\"margin\":\"medium\",\"title_decoration\":\"divider\"}},{\"name\":\"\",\"type\":\"text\",\"props\":{\"column_breakpoint\":\"m\",\"margin\":\"default\",\"content\":\"Str. Gheorghe Baritiu, nr. 15A<br \/>\\nJudetul Bihor, Rom\\u00e2nia\",\"text_align\":\"left\"}},{\"name\":\"\",\"type\":\"description_list\",\"props\":{\"show_link\":true,\"list_size\":\"\",\"layout\":\"grid-2\",\"show_title\":true,\"show_meta\":true,\"show_content\":true,\"meta_style\":\"meta\",\"meta_align\":\"below-content\",\"title_grid_column_gap\":\"small\",\"title_grid_row_gap\":\"small\",\"title_grid_width\":\"small\",\"list_element\":\"ul\",\"column_breakpoint\":\"m\",\"title_element\":\"div\"},\"children\":[{\"name\":\"\",\"type\":\"description_list_item\",\"props\":{\"title\":\"Office\",\"content\":\"<a class=\\\"uk-link-reset\\\" href=\\\"tel:+40259373226\\\">+40 259 373 226<\\\/a>\"}},{\"name\":\"\",\"type\":\"description_list_item\",\"props\":{\"title\":\"Mobil\",\"content\":\"<a class=\\\"uk-link-reset\\\" href=\\\"tel:+40 744607891\\\">+40 744 607 891<\\\/a><br \/>\\n\\n<a class=\\\"uk-link-reset\\\" href=\\\"tel:+40 744607891\\\">+40 748 193 641<\\\/a>\"}},{\"name\":\"\",\"type\":\"description_list_item\",\"props\":{\"title\":\"Fax\",\"content\":\"<a class=\\\"uk-link-reset\\\" href=\\\"tel:+40259373173\\\">+40 259 373 173<\\\/a>\"}},{\"name\":\"\",\"type\":\"description_list_item\",\"props\":{\"title\":\"Email\",\"content\":\"<a class=\\\"uk-link-reset\\\" href=\\\"mailto:office@adidac.ro\\\">office@adidac.ro<\\\/a>\\n<a class=\\\"uk-link-reset\\\" href=\\\"mailto:trade@adidac.ro\\\">trade@adidac.ro<\\\/a>\",\"link\":\"\"}}]}]},{\"name\":\"\",\"type\":\"column\",\"props\":{\"image_position\":\"center-center\",\"media_overlay_gradient\":\"\",\"width_medium\":\"1-3\",\"position_sticky_breakpoint\":\"m\"},\"children\":[{\"name\":\"\",\"type\":\"headline\",\"props\":{\"title_element\":\"h2\",\"title_style\":\"h4\",\"content\":\"Programul nostru\",\"margin\":\"medium\",\"margin_remove_bottom\":true,\"title_decoration\":\"divider\"}},{\"name\":\"\",\"type\":\"description_list\",\"props\":{\"show_link\":true,\"layout\":\"grid-2\",\"show_title\":true,\"show_meta\":true,\"show_content\":true,\"meta_style\":\"meta\",\"meta_align\":\"below-content\",\"title_grid_column_gap\":\"small\",\"title_grid_row_gap\":\"small\",\"title_grid_width\":\"small\",\"list_size\":\"\",\"list_element\":\"ul\",\"column_breakpoint\":\"m\",\"title_element\":\"div\"},\"children\":[{\"name\":\"\",\"type\":\"description_list_item\",\"props\":{\"title\":\"Luni - Vineri\",\"content\":\"08:00 - 16:00\"}}]},{\"name\":\"\",\"type\":\"description_list\",\"props\":{\"show_link\":true,\"layout\":\"grid-2\",\"show_title\":true,\"show_meta\":true,\"show_content\":true,\"meta_style\":\"meta\",\"meta_align\":\"below-content\",\"title_grid_column_gap\":\"small\",\"title_grid_row_gap\":\"small\",\"title_grid_width\":\"small\",\"list_size\":\"\",\"list_element\":\"ul\",\"column_breakpoint\":\"m\",\"title_element\":\"div\"},\"children\":[{\"name\":\"\",\"type\":\"description_list_item\",\"props\":{\"title\":\"S\\u00e2mb\\u0103t\\u0103 \\u0219i Duminic\\u0103\",\"content\":\"\\u00eenchis\"}}]}]},{\"name\":\"\",\"type\":\"column\",\"props\":{\"image_position\":\"center-center\",\"media_overlay_gradient\":\"\",\"width_medium\":\"1-3\",\"position_sticky_breakpoint\":\"m\"},\"children\":[{\"name\":\"\",\"type\":\"headline\",\"props\":{\"title_element\":\"h2\",\"title_style\":\"h4\",\"content\":\"Date de identificare\",\"margin_remove_bottom\":false,\"title_decoration\":\"divider\"}},{\"name\":\"\",\"type\":\"text\",\"props\":{\"column_breakpoint\":\"m\",\"margin\":\"remove-vertical\",\"content\":\"ADIDAC COMIMPEX SRL, \\u00eenreg. la Oficiul Reg. Com.\\nJ05\\\/1783\\\/1994, CUI RO5731184<br \/>\\nBRD \\u2013 Groupe Soci\\u00e9t\\u00e9 G\\u00e9n\\u00e9rale \\u2013 Salonta<br \/>\\nIBAN ROBRDE050SV03028500500\",\"margin_remove_bottom\":true,\"text_size\":\"small\"}}]}]}]},{\"name\":\"Pozitionarea ADIDAC pe hart\\u0103\",\"type\":\"section\",\"props\":{\"style\":\"default\",\"width\":\"\",\"image_position\":\"center-center\",\"padding\":\"small\",\"vertical_align\":\"middle\",\"title_position\":\"top-left\",\"title_rotation\":\"left\",\"title_breakpoint\":\"xl\",\"padding_remove_bottom\":true},\"children\":[{\"name\":\"\",\"type\":\"row\",\"children\":[{\"name\":\"\",\"type\":\"column\",\"props\":{\"image_position\":\"center-center\",\"media_overlay_gradient\":\"\",\"width_medium\":\"1-1\",\"position_sticky_breakpoint\":\"m\"},\"children\":[{\"name\":\"\",\"type\":\"map\",\"props\":{\"type\":\"roadmap\",\"zoom\":\"16\",\"controls\":false,\"zooming\":false,\"dragging\":false,\"show_title\":true,\"styler_lightness\":\"90\",\"styler_saturation\":\"-100\",\"styler_gamma\":\"0.3\",\"height\":\"600\",\"show_meta\":true,\"show_content\":true,\"show_image\":true,\"show_link\":true,\"min_zoom\":0,\"max_zoom\":18,\"title_hover_style\":\"reset\",\"title_element\":\"h3\",\"meta_style\":\"meta\",\"meta_align\":\"below-title\",\"meta_element\":\"div\",\"image_svg_color\":\"emphasis\",\"link_text\":\"Read more\",\"link_style\":\"default\",\"margin\":\"default\"},\"children\":[{\"name\":\"\",\"type\":\"map_item\",\"props\":{\"location\":\"46.8063,21.6723\",\"title\":\"ADIDAC COMIMPEX\",\"content\":\"\n\n<div>Str. Gheorghe Baritiu, nr. 15A<br \\\/>Judetul Bihor, Rom\\u00e2nia<\\\/div>\\n\n\n<p><a href=\\\"mailto:\\noffice@adidac.ro\\\">office@adidac.ro<\\\/a><br \\\/><a class=\\\"uk-link-reset\\\" href=\\\"tel:+40 748 193 641\\\">+40 748 193 641<\\\/a><\\\/p>\"}}]}]}]}]}],\"version\":\"2.7.17\"} --><\/p>","protected":false},"excerpt":{"rendered":"<p>Contacteaz\u0103-ne Str. Gheorghe Baritiu, nr. 15A Judetul Bihor, Rom\u00e2nia Office +40 259 373 226 Mobil +40 744 607 891 +40 748 193 641 Fax +40 259 373 173 Email office@adidac.ro trade@adidac.ro Programul nostru Luni &#8211; Vineri 08:00 &#8211; 16:00 S\u00e2mb\u0103t\u0103 \u0219i Duminic\u0103 \u00eenchis Date de identificare ADIDAC COMIMPEX SRL, \u00eenreg. la Oficiul Reg. Com. J05\/1783\/1994, [&hellip;]<\/p>","protected":false},"author":1,"featured_media":1030,"parent":0,"menu_order":9,"comment_status":"open","ping_status":"closed","template":"","meta":{"_acf_changed":false,"footnotes":""},"class_list":["post-19","page","type-page","status-publish","has-post-thumbnail","hentry"],"acf":[],"yoast_head":"<!-- This site is optimized with the Yoast SEO plugin v22.8 - https:\/\/yoast.com\/wordpress\/plugins\/seo\/ -->\n<title>Contact | ADIDAC<\/title>\n<meta name=\"robots\" content=\"index, follow, max-snippet:-1, max-image-preview:large, max-video-preview:-1\" \/>\n<link rel=\"canonical\" href=\"https:\/\/adidac.ro\/en\/contact\/\" \/>\n<meta property=\"og:locale\" content=\"en_US\" \/>\n<meta property=\"og:type\" content=\"article\" \/>\n<meta property=\"og:title\" content=\"Contact | ADIDAC\" \/>\n<meta property=\"og:description\" content=\"Contacteaz\u0103-ne Str. Gheorghe Baritiu, nr. 15A Judetul Bihor, Rom\u00e2nia Office +40 259 373 226 Mobil +40 744 607 891 +40 748 193 641 Fax +40 259 373 173 Email office@adidac.ro trade@adidac.ro Programul nostru Luni &#8211; Vineri 08:00 &#8211; 16:00 S\u00e2mb\u0103t\u0103 \u0219i Duminic\u0103 \u00eenchis Date de identificare ADIDAC COMIMPEX SRL, \u00eenreg. la Oficiul Reg. Com. J05\/1783\/1994, [&hellip;]\" \/>\n<meta property=\"og:url\" content=\"https:\/\/adidac.ro\/en\/contact\/\" \/>\n<meta property=\"og:site_name\" content=\"ADIDAC\" \/>\n<meta property=\"article:modified_time\" content=\"2022-02-11T15:44:53+00:00\" \/>\n<meta property=\"og:image\" content=\"https:\/\/adidac.ro\/wp-content\/uploads\/yootheme\/discover.jpg\" \/>\n\t<meta property=\"og:image:width\" content=\"1220\" \/>\n\t<meta property=\"og:image:height\" content=\"800\" \/>\n\t<meta property=\"og:image:type\" content=\"image\/jpeg\" \/>\n<meta name=\"twitter:card\" content=\"summary_large_image\" \/>\n<script type=\"application\/ld+json\" class=\"yoast-schema-graph\">{\"@context\":\"https:\/\/schema.org\",\"@graph\":[{\"@type\":\"WebPage\",\"@id\":\"https:\/\/adidac.ro\/contact\/\",\"url\":\"https:\/\/adidac.ro\/contact\/\",\"name\":\"Contact | ADIDAC\",\"isPartOf\":{\"@id\":\"https:\/\/adidac.ro\/#website\"},\"primaryImageOfPage\":{\"@id\":\"https:\/\/adidac.ro\/contact\/#primaryimage\"},\"image\":{\"@id\":\"https:\/\/adidac.ro\/contact\/#primaryimage\"},\"thumbnailUrl\":\"https:\/\/adidac.ro\/wp-content\/uploads\/yootheme\/discover.jpg\",\"datePublished\":\"2020-11-17T11:31:01+00:00\",\"dateModified\":\"2022-02-11T15:44:53+00:00\",\"breadcrumb\":{\"@id\":\"https:\/\/adidac.ro\/contact\/#breadcrumb\"},\"inLanguage\":\"en-US\",\"potentialAction\":[{\"@type\":\"ReadAction\",\"target\":[\"https:\/\/adidac.ro\/contact\/\"]}]},{\"@type\":\"ImageObject\",\"inLanguage\":\"en-US\",\"@id\":\"https:\/\/adidac.ro\/contact\/#primaryimage\",\"url\":\"https:\/\/adidac.ro\/wp-content\/uploads\/yootheme\/discover.jpg\",\"contentUrl\":\"https:\/\/adidac.ro\/wp-content\/uploads\/yootheme\/discover.jpg\",\"width\":1220,\"height\":800},{\"@type\":\"BreadcrumbList\",\"@id\":\"https:\/\/adidac.ro\/contact\/#breadcrumb\",\"itemListElement\":[{\"@type\":\"ListItem\",\"position\":1,\"name\":\"Home\",\"item\":\"https:\/\/adidac.ro\/\"},{\"@type\":\"ListItem\",\"position\":2,\"name\":\"Contact\"}]},{\"@type\":\"WebSite\",\"@id\":\"https:\/\/adidac.ro\/#website\",\"url\":\"https:\/\/adidac.ro\/\",\"name\":\"ADIDAC\",\"description\":\"M\u0103turi din sorg cu tradi\u021bie\",\"publisher\":{\"@id\":\"https:\/\/adidac.ro\/#organization\"},\"potentialAction\":[{\"@type\":\"SearchAction\",\"target\":{\"@type\":\"EntryPoint\",\"urlTemplate\":\"https:\/\/adidac.ro\/?s={search_term_string}\"},\"query-input\":\"required name=search_term_string\"}],\"inLanguage\":\"en-US\"},{\"@type\":\"Organization\",\"@id\":\"https:\/\/adidac.ro\/#organization\",\"name\":\"ADIDAC\",\"url\":\"https:\/\/adidac.ro\/\",\"logo\":{\"@type\":\"ImageObject\",\"inLanguage\":\"en-US\",\"@id\":\"https:\/\/adidac.ro\/#\/schema\/logo\/image\/\",\"url\":\"https:\/\/adidac.ro\/wp-content\/uploads\/2021\/12\/logo-adidac-web.svg\",\"contentUrl\":\"https:\/\/adidac.ro\/wp-content\/uploads\/2021\/12\/logo-adidac-web.svg\",\"width\":400,\"height\":105,\"caption\":\"ADIDAC\"},\"image\":{\"@id\":\"https:\/\/adidac.ro\/#\/schema\/logo\/image\/\"}}]}<\/script>\n<!-- \/ Yoast SEO plugin. -->","yoast_head_json":{"title":"Contact | ADIDAC","robots":{"index":"index","follow":"follow","max-snippet":"max-snippet:-1","max-image-preview":"max-image-preview:large","max-video-preview":"max-video-preview:-1"},"canonical":"https:\/\/adidac.ro\/en\/contact\/","og_locale":"en_US","og_type":"article","og_title":"Contact | ADIDAC","og_description":"Contacteaz\u0103-ne Str. Gheorghe Baritiu, nr. 15A Judetul Bihor, Rom\u00e2nia Office +40 259 373 226 Mobil +40 744 607 891 +40 748 193 641 Fax +40 259 373 173 Email office@adidac.ro trade@adidac.ro Programul nostru Luni &#8211; Vineri 08:00 &#8211; 16:00 S\u00e2mb\u0103t\u0103 \u0219i Duminic\u0103 \u00eenchis Date de identificare ADIDAC COMIMPEX SRL, \u00eenreg. la Oficiul Reg. Com. J05\/1783\/1994, [&hellip;]","og_url":"https:\/\/adidac.ro\/en\/contact\/","og_site_name":"ADIDAC","article_modified_time":"2022-02-11T15:44:53+00:00","og_image":[{"width":1220,"height":800,"url":"https:\/\/adidac.ro\/wp-content\/uploads\/yootheme\/discover.jpg","type":"image\/jpeg"}],"twitter_card":"summary_large_image","schema":{"@context":"https:\/\/schema.org","@graph":[{"@type":"WebPage","@id":"https:\/\/adidac.ro\/contact\/","url":"https:\/\/adidac.ro\/contact\/","name":"Contact | ADIDAC","isPartOf":{"@id":"https:\/\/adidac.ro\/#website"},"primaryImageOfPage":{"@id":"https:\/\/adidac.ro\/contact\/#primaryimage"},"image":{"@id":"https:\/\/adidac.ro\/contact\/#primaryimage"},"thumbnailUrl":"https:\/\/adidac.ro\/wp-content\/uploads\/yootheme\/discover.jpg","datePublished":"2020-11-17T11:31:01+00:00","dateModified":"2022-02-11T15:44:53+00:00","breadcrumb":{"@id":"https:\/\/adidac.ro\/contact\/#breadcrumb"},"inLanguage":"en-US","potentialAction":[{"@type":"ReadAction","target":["https:\/\/adidac.ro\/contact\/"]}]},{"@type":"ImageObject","inLanguage":"en-US","@id":"https:\/\/adidac.ro\/contact\/#primaryimage","url":"https:\/\/adidac.ro\/wp-content\/uploads\/yootheme\/discover.jpg","contentUrl":"https:\/\/adidac.ro\/wp-content\/uploads\/yootheme\/discover.jpg","width":1220,"height":800},{"@type":"BreadcrumbList","@id":"https:\/\/adidac.ro\/contact\/#breadcrumb","itemListElement":[{"@type":"ListItem","position":1,"name":"Home","item":"https:\/\/adidac.ro\/"},{"@type":"ListItem","position":2,"name":"Contact"}]},{"@type":"WebSite","@id":"https:\/\/adidac.ro\/#website","url":"https:\/\/adidac.ro\/","name":"ADIDAC","description":"M\u0103turi din sorg cu tradi\u021bie","publisher":{"@id":"https:\/\/adidac.ro\/#organization"},"potentialAction":[{"@type":"SearchAction","target":{"@type":"EntryPoint","urlTemplate":"https:\/\/adidac.ro\/?s={search_term_string}"},"query-input":"required name=search_term_string"}],"inLanguage":"en-US"},{"@type":"Organization","@id":"https:\/\/adidac.ro\/#organization","name":"ADIDAC","url":"https:\/\/adidac.ro\/","logo":{"@type":"ImageObject","inLanguage":"en-US","@id":"https:\/\/adidac.ro\/#\/schema\/logo\/image\/","url":"https:\/\/adidac.ro\/wp-content\/uploads\/2021\/12\/logo-adidac-web.svg","contentUrl":"https:\/\/adidac.ro\/wp-content\/uploads\/2021\/12\/logo-adidac-web.svg","width":400,"height":105,"caption":"ADIDAC"},"image":{"@id":"https:\/\/adidac.ro\/#\/schema\/logo\/image\/"}}]}},"jetpack_sharing_enabled":true,"_links":{"self":[{"href":"https:\/\/adidac.ro\/en\/wp-json\/wp\/v2\/pages\/19","targetHints":{"allow":["GET"]}}],"collection":[{"href":"https:\/\/adidac.ro\/en\/wp-json\/wp\/v2\/pages"}],"about":[{"href":"https:\/\/adidac.ro\/en\/wp-json\/wp\/v2\/types\/page"}],"author":[{"embeddable":true,"href":"https:\/\/adidac.ro\/en\/wp-json\/wp\/v2\/users\/1"}],"replies":[{"embeddable":true,"href":"https:\/\/adidac.ro\/en\/wp-json\/wp\/v2\/comments?post=19"}],"version-history":[{"count":29,"href":"https:\/\/adidac.ro\/en\/wp-json\/wp\/v2\/pages\/19\/revisions"}],"predecessor-version":[{"id":2021,"href":"https:\/\/adidac.ro\/en\/wp-json\/wp\/v2\/pages\/19\/revisions\/2021"}],"wp:featuredmedia":[{"embeddable":true,"href":"https:\/\/adidac.ro\/en\/wp-json\/wp\/v2\/media\/1030"}],"wp:attachment":[{"href":"https:\/\/adidac.ro\/en\/wp-json\/wp\/v2\/media?parent=19"}],"curies":[{"name":"wp","href":"https:\/\/api.w.org\/{rel}","templated":true}]}}