{"id":1571,"date":"2021-09-09T13:56:46","date_gmt":"2021-09-09T10:56:46","guid":{"rendered":"https:\/\/zecehotare.ro\/?page_id=1571"},"modified":"2022-02-12T00:16:17","modified_gmt":"2022-02-11T21:16:17","slug":"galerie-foto","status":"publish","type":"page","link":"https:\/\/adidac.ro\/en\/galerie-foto\/","title":{"rendered":"Photo gallery"},"content":{"rendered":"<p><img decoding=\"async\" src=\"\/wp-content\/uploads\/2021\/12\/matura-adidac.svg\" alt=\"\"><\/p>\n<h1>Photo gallery<\/h1>\n<div>\n<p>We have chosen to present you some representative images from <strong>our factory in Salonta,<\/strong> Bihor County. The factory that has the largest <strong>production of sorghum brooms on the European market.<\/strong><\/p>\n<\/div>\n<ul>\n<li>\n<p>        <img decoding=\"async\" src=\"\/wp-content\/uploads\/2022\/02\/01adidac-3.jpg\" alt=\"ADIDAC\"><\/p>\n<h2>ADIDAC<\/h2>\n<div>production of sorghum brooms<\/div>\n<\/li>\n<li>\n<p>        <img decoding=\"async\" src=\"\/wp-content\/uploads\/2022\/02\/02adidac-5.jpg\" alt=\"produc\u021bie de m\u0103turi din sorg \"><\/p>\n<h2>Adidac<\/h2>\n<div>\n<p>production of sorghum brooms<\/p>\n<\/div>\n<\/li>\n<li>\n<p>        <img decoding=\"async\" src=\"\/wp-content\/uploads\/2022\/02\/03adidac-7.jpg\" alt=\"Produse Menaj\"><\/p>\n<h2>Household products<\/h2>\n<div> home and garden products<\/div>\n<\/li>\n<li>\n<p>        <img decoding=\"async\" src=\"\/wp-content\/uploads\/2022\/02\/04adidac-8.jpg\" alt=\"Produse Menaj\"><\/p>\n<h2>Household products<\/h2>\n<div>\n<p>with metal thread<\/p>\n<\/div>\n<\/li>\n<li>\n<p>        <img decoding=\"async\" src=\"\/wp-content\/uploads\/2022\/02\/05adidac-9.jpg\" alt=\"Cozi de lemn\"><\/p>\n<h2>Household products<\/h2>\n<div>home and garden products<\/div>\n<\/li>\n<li>\n<p>        <img decoding=\"async\" src=\"\/wp-content\/uploads\/2022\/02\/06adidac-13.jpg\" alt=\"Cozi de lemn\"><\/p>\n<h2>Wooden tails<\/h2>\n<div>\n<p>with metal thread<\/p>\n<\/div>\n<\/li>\n<li>\n<p>        <img decoding=\"async\" src=\"\/wp-content\/uploads\/2022\/02\/07adidac-16.jpg\" alt=\"Cozi de lemn\"><\/p>\n<h2>Wooden tails<\/h2>\n<div>\n<p>with metal thread<\/p>\n<\/div>\n<\/li>\n<li>\n<p>        <img decoding=\"async\" src=\"\/wp-content\/uploads\/2022\/02\/08adidac-19.jpg\" alt=\"Cozi de lemn\"><\/p>\n<h2>Wooden tails<\/h2>\n<div>\n<p>with metal thread<\/p>\n<\/div>\n<\/li>\n<li>\n<p>        <img decoding=\"async\" src=\"\/wp-content\/uploads\/2022\/02\/09adidac-25.jpg\" alt=\"Cozi de lemn\"><\/p>\n<h2>Wooden tails<\/h2>\n<div>\n<p>with metal thread<\/p>\n<\/div>\n<\/li>\n<li>\n<p>        <img decoding=\"async\" src=\"\/wp-content\/uploads\/2022\/02\/10adidac-17.jpg\" alt=\"Cozi de lemn\"><\/p>\n<h2>Wooden tails<\/h2>\n<div>\n<p>with metal thread<\/p>\n<\/div>\n<\/li>\n<li>\n<p>        <img decoding=\"async\" src=\"\/wp-content\/uploads\/2021\/12\/adidac-47.jpg\" alt=\"\"><\/p>\n<h2>Wooden tails<\/h2>\n<div>\n<p>with metal thread<\/p>\n<\/div>\n<\/li>\n<li>\n<p>        <img decoding=\"async\" src=\"\/wp-content\/uploads\/2021\/12\/adidac-5155.jpg\" alt=\"Pele\u021bi\"><\/p>\n<h2>Pellets<\/h2>\n<div>from beech wood<\/div>\n<\/li>\n<li>\n<p>        <img decoding=\"async\" src=\"\/wp-content\/uploads\/2021\/12\/adidac-5164.jpg\" alt=\"Pele\u021bi\"><\/p>\n<h2>Pellets<\/h2>\n<div>from beech wood<\/div>\n<\/li>\n<li>\n<p>        <img decoding=\"async\" src=\"\/wp-content\/uploads\/2021\/12\/adidac-29.jpg\" alt=\"Pele\u021bi\"><\/p>\n<h2>Pellets<\/h2>\n<div>from beech wood<\/div>\n<\/li>\n<li>\n<p>        <img decoding=\"async\" src=\"\/wp-content\/uploads\/2022\/02\/13adidac-36.jpg\" alt=\"Pele\u021bi\"><\/p>\n<h2>Pellets<\/h2>\n<div>from beech wood<\/div>\n<\/li>\n<li>\n<p>        <img decoding=\"async\" src=\"\/wp-content\/uploads\/2022\/02\/14adidac-44.jpg\" alt=\"Pele\u021bi\"><\/p>\n<h2>Pellets<\/h2>\n<div>from beech wood<\/div>\n<\/li>\n<li>\n<p>        <img decoding=\"async\" src=\"\/wp-content\/uploads\/2022\/02\/19adidac-5082.jpg\" alt=\"Prelucrarea lemnului\"><\/p>\n<h2>Woodworking<\/h2>\n<div>beech<\/div>\n<\/li>\n<li>\n<p>        <img decoding=\"async\" src=\"\/wp-content\/uploads\/2021\/12\/adidac-5794.jpg\" alt=\"Prelucrarea lemnului\"><\/p>\n<h2>Woodworking<\/h2>\n<div>beech<\/div>\n<\/li>\n<li>\n<p>        <img decoding=\"async\" src=\"\/wp-content\/uploads\/2021\/12\/adidac-5195.jpg\" alt=\"Sorg\"><\/p>\n<h2>Making brooms<\/h2>\n<div>beech<\/div>\n<\/li>\n<li>\n<p>        <img decoding=\"async\" src=\"\/wp-content\/uploads\/2022\/02\/20adidac-5093.jpg\" alt=\"\"><\/p>\n<h2>Wooden tails<\/h2>\n<div>\n<p>with metal thread<\/p>\n<\/div>\n<\/li>\n<li>\n<p>        <img decoding=\"async\" src=\"\/wp-content\/uploads\/2022\/02\/23adidac-5189.jpg\" alt=\"Sorg\"><\/p>\n<h2>Making brooms<\/h2>\n<div>beech<\/div>\n<\/li>\n<\/ul>\n<p><!--more--><br \/>\n<!-- {\"name\":\"Gallery\",\"type\":\"layout\",\"children\":[{\"type\":\"section\",\"props\":{\"style\":\"default\",\"width\":\"\",\"vertical_align\":\"middle\",\"title_position\":\"top-left\",\"title_rotation\":\"left\",\"title_breakpoint\":\"xl\",\"image_position\":\"top-center\",\"padding_remove_bottom\":false,\"animation\":\"fade\",\"image\":\"wp-content\\\/uploads\\\/2021\\\/12\\\/adidac-5251.jpg\",\"image_size\":\"width-1-1\",\"image_effect\":\"parallax\",\"header_transparent_noplaceholder\":true,\"image_parallax_bgx_start\":\"-\",\"image_parallax_bgy_start\":\"-140\",\"image_parallax_bgy_end\":\"150\"},\"children\":[{\"type\":\"row\",\"props\":{\"class\":\"\",\"margin\":\"remove-vertical\"},\"children\":[{\"type\":\"column\",\"props\":{\"image_position\":\"center-center\",\"media_overlay_gradient\":\"\",\"position_sticky_breakpoint\":\"m\"},\"children\":[{\"type\":\"image\",\"props\":{\"margin\":\"medium\",\"image_svg_color\":\"emphasis\",\"image\":\"wp-content\\\/uploads\\\/2021\\\/12\\\/matura-adidac.svg\",\"text_align\":\"right\",\"block_align\":\"right\",\"position\":\"relative\",\"position_right\":\"20\",\"position_top\":\"40\"}}]}]}],\"name\":\"Hero\",\"modified\":\"2021-12-03T15:01:47.582Z\"},{\"name\":\"Gallery\",\"type\":\"section\",\"props\":{\"style\":\"default\",\"width\":\"default\",\"image_position\":\"center-center\",\"animation\":\"fade\",\"vertical_align\":\"middle\",\"title_position\":\"top-left\",\"title_rotation\":\"left\",\"title_breakpoint\":\"xl\",\"padding_remove_top\":false},\"children\":[{\"name\":\"\",\"type\":\"row\",\"children\":[{\"name\":\"\",\"type\":\"column\",\"props\":{\"image_position\":\"center-center\",\"media_overlay_gradient\":\"\",\"width_medium\":\"1-1\",\"position_sticky_breakpoint\":\"m\"},\"children\":[{\"name\":\"\",\"type\":\"headline\",\"props\":{\"title_element\":\"h1\",\"content\":\"Galerie FOTO\",\"title_style\":\"h2\"}},{\"name\":\"\",\"type\":\"text\",\"props\":{\"column_breakpoint\":\"m\",\"margin\":\"default\",\"content\":\"\n\n<p>Noi am ales s\\u0103 \\u00ee\\u021bi prezent\\u0103m c\\u00e2teva imagini reprezentative de la <strong>fabrica noastr\\u0103 din Salonta,<\\\/strong> jud. Bihor. Fabric\\u0103 care are cea mai mare <strong>produc\\u021bie de m\\u0103turi din sorg de pe pia\\u021ba European\\u0103.<\\\/strong><\\\/p>\",\"maxwidth\":\"2xlarge\"}}]}]},{\"name\":\"\",\"type\":\"row\",\"props\":{\"margin\":\"default\",\"margin_remove_top\":false},\"children\":[{\"name\":\"\",\"type\":\"column\",\"props\":{\"image_position\":\"center-center\",\"media_overlay_gradient\":\"\",\"width_medium\":\"1-1\",\"position_sticky_breakpoint\":\"m\"},\"children\":[{\"name\":\"\",\"type\":\"gallery\",\"props\":{\"show_title\":true,\"show_meta\":true,\"show_content\":true,\"show_link\":true,\"show_image2\":true,\"grid_default\":\"1\",\"grid_medium\":\"3\",\"overlay_mode\":\"cover\",\"overlay_hover\":true,\"overlay_style\":\"overlay-default\",\"text_color\":\"\",\"overlay_position\":\"center\",\"overlay_transition\":\"fade\",\"title_element\":\"h2\",\"meta_style\":\"meta\",\"meta_align\":\"below-title\",\"margin\":\"default\",\"text_align\":\"center\",\"title_decoration\":\"divider\",\"title_transition\":\"slide-top-small\",\"content_transition\":\"slide-bottom-small\",\"overlay_margin\":\"small\",\"overlay_padding\":\"large\",\"grid_small\":\"2\",\"show_hover_image\":true,\"image_width\":\"610\",\"filter_style\":\"tab\",\"filter_all\":true,\"filter_position\":\"top\",\"filter_align\":\"left\",\"filter_grid_width\":\"auto\",\"title_style\":\"h4\",\"link_text\":\"\",\"link_style\":\"default\",\"item_animation\":true,\"grid_column_gap\":\"small\",\"grid_row_gap\":\"small\",\"filter_grid_breakpoint\":\"m\",\"overlay_link\":true,\"title_hover_style\":\"reset\",\"meta_element\":\"div\",\"lightbox\":true,\"image_min_height\":\"260\"},\"children\":[{\"name\":\"\",\"type\":\"gallery_item\",\"props\":{\"image\":\"wp-content\\\/uploads\\\/2022\\\/02\\\/01adidac-3.jpg\",\"title\":\"ADIDAC\",\"content\":\"produc\\u021bie de m\\u0103turi din sorg\",\"hover_image\":null,\"image_alt\":\"ADIDAC\"}},{\"name\":\"\",\"type\":\"gallery_item\",\"props\":{\"image\":\"wp-content\\\/uploads\\\/2022\\\/02\\\/02adidac-5.jpg\",\"title\":\"Adidac\",\"content\":\"\n\n<p>produc\\u021bie de m\\u0103turi din sorg<\\\/p>\",\"hover_image\":null,\"image_alt\":\"produc\\u021bie de m\\u0103turi din sorg \"}},{\"name\":\"\",\"type\":\"gallery_item\",\"props\":{\"image\":\"wp-content\\\/uploads\\\/2022\\\/02\\\/03adidac-7.jpg\",\"title\":\"Produse Menaj\",\"content\":\" produse pentru casa si gradina\",\"hover_image\":null,\"image_alt\":\"Produse Menaj\"}},{\"name\":\"\",\"type\":\"gallery_item\",\"props\":{\"image\":\"wp-content\\\/uploads\\\/2022\\\/02\\\/04adidac-8.jpg\",\"title\":\"Produse Menaj\",\"content\":\"\n\n<p>cu filet metalic<\\\/p>\",\"hover_image\":null,\"image_alt\":\"Produse Menaj\"}},{\"name\":\"\",\"type\":\"gallery_item\",\"props\":{\"image\":\"wp-content\\\/uploads\\\/2022\\\/02\\\/05adidac-9.jpg\",\"title\":\"Produse menaj\",\"content\":\"produse pentru casa si gradina\",\"hover_image\":null,\"image_alt\":\"Cozi de lemn\"}},{\"name\":\"\",\"type\":\"gallery_item\",\"props\":{\"image\":\"wp-content\\\/uploads\\\/2022\\\/02\\\/06adidac-13.jpg\",\"title\":\"Cozi de lemn\",\"content\":\"\n\n<p>cu filet metalic<\\\/p>\",\"hover_image\":null,\"image_alt\":\"Cozi de lemn\"}},{\"name\":\"\",\"type\":\"gallery_item\",\"props\":{\"image\":\"wp-content\\\/uploads\\\/2022\\\/02\\\/07adidac-16.jpg\",\"title\":\"Cozi de lemn\",\"content\":\"\n\n<p>cu filet metalic<\\\/p>\",\"hover_image\":null,\"image_alt\":\"Cozi de lemn\"}},{\"name\":\"\",\"type\":\"gallery_item\",\"props\":{\"image\":\"wp-content\\\/uploads\\\/2022\\\/02\\\/08adidac-19.jpg\",\"title\":\"Cozi de lemn\",\"content\":\"\n\n<p>cu filet metalic<\\\/p>\",\"hover_image\":null,\"image_alt\":\"Cozi de lemn\"}},{\"name\":\"\",\"type\":\"gallery_item\",\"props\":{\"image\":\"wp-content\\\/uploads\\\/2022\\\/02\\\/09adidac-25.jpg\",\"title\":\"Cozi de lemn\",\"content\":\"\n\n<p>cu filet metalic<\\\/p>\",\"hover_image\":null,\"image_alt\":\"Cozi de lemn\"}},{\"name\":\"\",\"type\":\"gallery_item\",\"props\":{\"image\":\"wp-content\\\/uploads\\\/2022\\\/02\\\/10adidac-17.jpg\",\"title\":\"Cozi de lemn\",\"content\":\"\n\n<p>cu filet metalic<\\\/p>\",\"hover_image\":null,\"image_alt\":\"Cozi de lemn\"}},{\"name\":\"\",\"type\":\"gallery_item\",\"props\":{\"image\":\"wp-content\\\/uploads\\\/2021\\\/12\\\/adidac-47.jpg\",\"title\":\"Cozi de lemn\",\"content\":\"\n\n<p>cu filet metalic<\\\/p>\",\"hover_image\":null}},{\"name\":\"\",\"type\":\"gallery_item\",\"props\":{\"image\":\"wp-content\\\/uploads\\\/2021\\\/12\\\/adidac-5155.jpg\",\"title\":\"Pele\\u021bi\",\"content\":\"din lemn de fag\",\"hover_image\":null,\"image_alt\":\"Pele\\u021bi\"}},{\"name\":\"\",\"type\":\"gallery_item\",\"props\":{\"image\":\"wp-content\\\/uploads\\\/2021\\\/12\\\/adidac-5164.jpg\",\"title\":\"Pele\\u021bi\",\"content\":\"din lemn de fag\",\"hover_image\":null,\"image_alt\":\"Pele\\u021bi\"}},{\"name\":\"\",\"type\":\"gallery_item\",\"props\":{\"image\":\"wp-content\\\/uploads\\\/2021\\\/12\\\/adidac-29.jpg\",\"title\":\"Pele\\u021bi\",\"content\":\"din lemn de fag\",\"hover_image\":null,\"image_alt\":\"Pele\\u021bi\"}},{\"name\":\"\",\"type\":\"gallery_item\",\"props\":{\"image\":\"wp-content\\\/uploads\\\/2022\\\/02\\\/13adidac-36.jpg\",\"title\":\"Pele\\u021bi\",\"content\":\"din lemn de fag\",\"hover_image\":null,\"image_alt\":\"Pele\\u021bi\"}},{\"name\":\"\",\"type\":\"gallery_item\",\"props\":{\"image\":\"wp-content\\\/uploads\\\/2022\\\/02\\\/14adidac-44.jpg\",\"title\":\"Pele\\u021bi\",\"content\":\"din lemn de fag\",\"hover_image\":null,\"image_alt\":\"Pele\\u021bi\"}},{\"name\":\"\",\"type\":\"gallery_item\",\"props\":{\"image\":\"wp-content\\\/uploads\\\/2022\\\/02\\\/19adidac-5082.jpg\",\"title\":\"Prelucrarea lemnului\",\"content\":\"de fag\",\"hover_image\":null,\"image_alt\":\"Prelucrarea lemnului\"}},{\"name\":\"\",\"type\":\"gallery_item\",\"props\":{\"image\":\"wp-content\\\/uploads\\\/2021\\\/12\\\/adidac-5794.jpg\",\"title\":\"Prelucrarea lemnului\",\"content\":\"de fag\",\"hover_image\":null,\"image_alt\":\"Prelucrarea lemnului\"}},{\"name\":\"\",\"type\":\"gallery_item\",\"props\":{\"image\":\"wp-content\\\/uploads\\\/2021\\\/12\\\/adidac-5195.jpg\",\"title\":\"Realizarea de m\\u0103turi\",\"content\":\"de fag\",\"hover_image\":null,\"image_alt\":\"Sorg\"}},{\"name\":\"\",\"type\":\"gallery_item\",\"props\":{\"image\":\"wp-content\\\/uploads\\\/2022\\\/02\\\/20adidac-5093.jpg\",\"title\":\"Cozi de lemn\",\"content\":\"\n\n<p>cu filet metalic<\\\/p>\",\"hover_image\":null}},{\"name\":\"\",\"type\":\"gallery_item\",\"props\":{\"image\":\"wp-content\\\/uploads\\\/2022\\\/02\\\/23adidac-5189.jpg\",\"title\":\"Realizarea de m\\u0103turi\",\"content\":\"de fag\",\"hover_image\":null,\"image_alt\":\"Sorg\"}}]}]}]}]}],\"version\":\"2.7.17\"} --><\/p>","protected":false},"excerpt":{"rendered":"<p>Galerie FOTO Noi am ales s\u0103 \u00ee\u021bi prezent\u0103m c\u00e2teva imagini reprezentative de la fabrica noastr\u0103 din Salonta, jud. Bihor. Fabric\u0103 care are cea mai mare produc\u021bie de m\u0103turi din sorg de pe pia\u021ba European\u0103. ADIDAC produc\u021bie de m\u0103turi din sorg Adidac produc\u021bie de m\u0103turi din sorg Produse Menaj produse pentru casa si gradina Produse Menaj [&hellip;]<\/p>","protected":false},"author":1,"featured_media":0,"parent":0,"menu_order":0,"comment_status":"closed","ping_status":"closed","template":"","meta":{"_acf_changed":false,"footnotes":""},"class_list":["post-1571","page","type-page","status-publish","hentry"],"acf":[],"yoast_head":"<!-- This site is optimized with the Yoast SEO plugin v22.8 - https:\/\/yoast.com\/wordpress\/plugins\/seo\/ -->\n<title>Galerie foto | ADIDAC<\/title>\n<meta name=\"robots\" content=\"index, follow, max-snippet:-1, max-image-preview:large, max-video-preview:-1\" \/>\n<link rel=\"canonical\" href=\"https:\/\/adidac.ro\/en\/galerie-foto\/\" \/>\n<meta property=\"og:locale\" content=\"en_US\" \/>\n<meta property=\"og:type\" content=\"article\" \/>\n<meta property=\"og:title\" content=\"Galerie foto | ADIDAC\" \/>\n<meta property=\"og:description\" content=\"Galerie FOTO Noi am ales s\u0103 \u00ee\u021bi prezent\u0103m c\u00e2teva imagini reprezentative de la fabrica noastr\u0103 din Salonta, jud. Bihor. Fabric\u0103 care are cea mai mare produc\u021bie de m\u0103turi din sorg de pe pia\u021ba European\u0103. ADIDAC produc\u021bie de m\u0103turi din sorg Adidac produc\u021bie de m\u0103turi din sorg Produse Menaj produse pentru casa si gradina Produse Menaj [&hellip;]\" \/>\n<meta property=\"og:url\" content=\"https:\/\/adidac.ro\/en\/galerie-foto\/\" \/>\n<meta property=\"og:site_name\" content=\"ADIDAC\" \/>\n<meta property=\"article:modified_time\" content=\"2022-02-11T21:16:17+00:00\" \/>\n<meta property=\"og:image\" content=\"https:\/\/adidac.ro\/wp-content\/uploads\/2021\/12\/matura-adidac.svg\" \/>\n<meta name=\"twitter:card\" content=\"summary_large_image\" \/>\n<meta name=\"twitter:label1\" content=\"Est. reading time\" \/>\n\t<meta name=\"twitter:data1\" content=\"1 minute\" \/>\n<script type=\"application\/ld+json\" class=\"yoast-schema-graph\">{\"@context\":\"https:\/\/schema.org\",\"@graph\":[{\"@type\":\"WebPage\",\"@id\":\"https:\/\/adidac.ro\/galerie-foto\/\",\"url\":\"https:\/\/adidac.ro\/galerie-foto\/\",\"name\":\"Galerie foto | ADIDAC\",\"isPartOf\":{\"@id\":\"https:\/\/adidac.ro\/#website\"},\"datePublished\":\"2021-09-09T10:56:46+00:00\",\"dateModified\":\"2022-02-11T21:16:17+00:00\",\"breadcrumb\":{\"@id\":\"https:\/\/adidac.ro\/galerie-foto\/#breadcrumb\"},\"inLanguage\":\"en-US\",\"potentialAction\":[{\"@type\":\"ReadAction\",\"target\":[\"https:\/\/adidac.ro\/galerie-foto\/\"]}]},{\"@type\":\"BreadcrumbList\",\"@id\":\"https:\/\/adidac.ro\/galerie-foto\/#breadcrumb\",\"itemListElement\":[{\"@type\":\"ListItem\",\"position\":1,\"name\":\"Home\",\"item\":\"https:\/\/adidac.ro\/\"},{\"@type\":\"ListItem\",\"position\":2,\"name\":\"Galerie foto\"}]},{\"@type\":\"WebSite\",\"@id\":\"https:\/\/adidac.ro\/#website\",\"url\":\"https:\/\/adidac.ro\/\",\"name\":\"ADIDAC\",\"description\":\"M\u0103turi din sorg cu tradi\u021bie\",\"publisher\":{\"@id\":\"https:\/\/adidac.ro\/#organization\"},\"potentialAction\":[{\"@type\":\"SearchAction\",\"target\":{\"@type\":\"EntryPoint\",\"urlTemplate\":\"https:\/\/adidac.ro\/?s={search_term_string}\"},\"query-input\":\"required name=search_term_string\"}],\"inLanguage\":\"en-US\"},{\"@type\":\"Organization\",\"@id\":\"https:\/\/adidac.ro\/#organization\",\"name\":\"ADIDAC\",\"url\":\"https:\/\/adidac.ro\/\",\"logo\":{\"@type\":\"ImageObject\",\"inLanguage\":\"en-US\",\"@id\":\"https:\/\/adidac.ro\/#\/schema\/logo\/image\/\",\"url\":\"https:\/\/adidac.ro\/wp-content\/uploads\/2021\/12\/logo-adidac-web.svg\",\"contentUrl\":\"https:\/\/adidac.ro\/wp-content\/uploads\/2021\/12\/logo-adidac-web.svg\",\"width\":400,\"height\":105,\"caption\":\"ADIDAC\"},\"image\":{\"@id\":\"https:\/\/adidac.ro\/#\/schema\/logo\/image\/\"}}]}<\/script>\n<!-- \/ Yoast SEO plugin. -->","yoast_head_json":{"title":"Galerie foto | ADIDAC","robots":{"index":"index","follow":"follow","max-snippet":"max-snippet:-1","max-image-preview":"max-image-preview:large","max-video-preview":"max-video-preview:-1"},"canonical":"https:\/\/adidac.ro\/en\/galerie-foto\/","og_locale":"en_US","og_type":"article","og_title":"Galerie foto | ADIDAC","og_description":"Galerie FOTO Noi am ales s\u0103 \u00ee\u021bi prezent\u0103m c\u00e2teva imagini reprezentative de la fabrica noastr\u0103 din Salonta, jud. Bihor. Fabric\u0103 care are cea mai mare produc\u021bie de m\u0103turi din sorg de pe pia\u021ba European\u0103. ADIDAC produc\u021bie de m\u0103turi din sorg Adidac produc\u021bie de m\u0103turi din sorg Produse Menaj produse pentru casa si gradina Produse Menaj [&hellip;]","og_url":"https:\/\/adidac.ro\/en\/galerie-foto\/","og_site_name":"ADIDAC","article_modified_time":"2022-02-11T21:16:17+00:00","og_image":[{"url":"https:\/\/adidac.ro\/wp-content\/uploads\/2021\/12\/matura-adidac.svg"}],"twitter_card":"summary_large_image","twitter_misc":{"Est. reading time":"1 minute"},"schema":{"@context":"https:\/\/schema.org","@graph":[{"@type":"WebPage","@id":"https:\/\/adidac.ro\/galerie-foto\/","url":"https:\/\/adidac.ro\/galerie-foto\/","name":"Galerie foto | ADIDAC","isPartOf":{"@id":"https:\/\/adidac.ro\/#website"},"datePublished":"2021-09-09T10:56:46+00:00","dateModified":"2022-02-11T21:16:17+00:00","breadcrumb":{"@id":"https:\/\/adidac.ro\/galerie-foto\/#breadcrumb"},"inLanguage":"en-US","potentialAction":[{"@type":"ReadAction","target":["https:\/\/adidac.ro\/galerie-foto\/"]}]},{"@type":"BreadcrumbList","@id":"https:\/\/adidac.ro\/galerie-foto\/#breadcrumb","itemListElement":[{"@type":"ListItem","position":1,"name":"Home","item":"https:\/\/adidac.ro\/"},{"@type":"ListItem","position":2,"name":"Galerie foto"}]},{"@type":"WebSite","@id":"https:\/\/adidac.ro\/#website","url":"https:\/\/adidac.ro\/","name":"ADIDAC","description":"M\u0103turi din sorg cu tradi\u021bie","publisher":{"@id":"https:\/\/adidac.ro\/#organization"},"potentialAction":[{"@type":"SearchAction","target":{"@type":"EntryPoint","urlTemplate":"https:\/\/adidac.ro\/?s={search_term_string}"},"query-input":"required name=search_term_string"}],"inLanguage":"en-US"},{"@type":"Organization","@id":"https:\/\/adidac.ro\/#organization","name":"ADIDAC","url":"https:\/\/adidac.ro\/","logo":{"@type":"ImageObject","inLanguage":"en-US","@id":"https:\/\/adidac.ro\/#\/schema\/logo\/image\/","url":"https:\/\/adidac.ro\/wp-content\/uploads\/2021\/12\/logo-adidac-web.svg","contentUrl":"https:\/\/adidac.ro\/wp-content\/uploads\/2021\/12\/logo-adidac-web.svg","width":400,"height":105,"caption":"ADIDAC"},"image":{"@id":"https:\/\/adidac.ro\/#\/schema\/logo\/image\/"}}]}},"jetpack_sharing_enabled":true,"_links":{"self":[{"href":"https:\/\/adidac.ro\/en\/wp-json\/wp\/v2\/pages\/1571","targetHints":{"allow":["GET"]}}],"collection":[{"href":"https:\/\/adidac.ro\/en\/wp-json\/wp\/v2\/pages"}],"about":[{"href":"https:\/\/adidac.ro\/en\/wp-json\/wp\/v2\/types\/page"}],"author":[{"embeddable":true,"href":"https:\/\/adidac.ro\/en\/wp-json\/wp\/v2\/users\/1"}],"replies":[{"embeddable":true,"href":"https:\/\/adidac.ro\/en\/wp-json\/wp\/v2\/comments?post=1571"}],"version-history":[{"count":33,"href":"https:\/\/adidac.ro\/en\/wp-json\/wp\/v2\/pages\/1571\/revisions"}],"predecessor-version":[{"id":2045,"href":"https:\/\/adidac.ro\/en\/wp-json\/wp\/v2\/pages\/1571\/revisions\/2045"}],"wp:attachment":[{"href":"https:\/\/adidac.ro\/en\/wp-json\/wp\/v2\/media?parent=1571"}],"curies":[{"name":"wp","href":"https:\/\/api.w.org\/{rel}","templated":true}]}}